{"id":18823,"date":"2024-04-24T22:43:37","date_gmt":"2024-04-24T20:43:37","guid":{"rendered":"https:\/\/eterle.cz\/eshop\/produkt\/sada-6-talirku-rosenthal\/"},"modified":"2025-02-16T02:47:40","modified_gmt":"2025-02-16T01:47:40","slug":"sada-6-talirku-rosenthal","status":"publish","type":"product","link":"https:\/\/eterle.cz\/eshop\/produkt\/sada-6-talirku-rosenthal\/","title":{"rendered":"Sada 6 tal\u00ed\u0159k\u016f \/ Rosenthal"},"content":{"rendered":"<p>Sada men\u0161\u00edch dezertn\u00edch tal\u00ed\u0159k\u016f od n\u011bmeck\u00e9 porcel\u00e1nky Rosenthal z \u0159ady Chippendale. Vysoce elegantn\u00ed porcel\u00e1n v barv\u011b slonov\u00e9 kosti se zlat\u00fdm lemem ve dvou lini\u00edch, kter\u00e9 zdob\u00ed plastick\u00fd okraj tal\u00ed\u0159ku.<\/p>\n<p>Stav: nov\u00e9<br \/>\nZna\u010dka: Rosenthal<br \/>\nPr\u016fm\u011br: 15 cm<\/p>\n","protected":false},"excerpt":{"rendered":"<p>Sada men\u0161\u00edch dezertn\u00edch tal\u00ed\u0159k\u016f od n\u011bmeck\u00e9 porcel\u00e1nky Rosenthal z \u0159ady Chippendale. Vysoce elegantn\u00ed porcel\u00e1n v barv\u011b slonov\u00e9 kosti se zlat\u00fdm<\/p>\n","protected":false},"featured_media":18824,"template":"","meta":[],"product_brand":[153],"product_cat":[91],"product_tag":[],"class_list":{"0":"post-18823","1":"product","2":"type-product","3":"status-publish","4":"has-post-thumbnail","6":"product_brand-eterle-cz","7":"product_cat-prodane","9":"first","10":"outofstock","11":"purchasable","12":"product-type-simple"},"_links":{"self":[{"href":"https:\/\/eterle.cz\/eshop\/wp-json\/wp\/v2\/product\/18823","targetHints":{"allow":["GET"]}}],"collection":[{"href":"https:\/\/eterle.cz\/eshop\/wp-json\/wp\/v2\/product"}],"about":[{"href":"https:\/\/eterle.cz\/eshop\/wp-json\/wp\/v2\/types\/product"}],"version-history":[{"count":0,"href":"https:\/\/eterle.cz\/eshop\/wp-json\/wp\/v2\/product\/18823\/revisions"}],"wp:featuredmedia":[{"embeddable":true,"href":"https:\/\/eterle.cz\/eshop\/wp-json\/wp\/v2\/media\/18824"}],"wp:attachment":[{"href":"https:\/\/eterle.cz\/eshop\/wp-json\/wp\/v2\/media?parent=18823"}],"wp:term":[{"taxonomy":"product_brand","embeddable":true,"href":"https:\/\/eterle.cz\/eshop\/wp-json\/wp\/v2\/product_brand?post=18823"},{"taxonomy":"product_cat","embeddable":true,"href":"https:\/\/eterle.cz\/eshop\/wp-json\/wp\/v2\/product_cat?post=18823"},{"taxonomy":"product_tag","embeddable":true,"href":"https:\/\/eterle.cz\/eshop\/wp-json\/wp\/v2\/product_tag?post=18823"}],"curies":[{"name":"wp","href":"https:\/\/api.w.org\/{rel}","templated":true}]}}