{"id":18840,"date":"2024-04-24T22:44:18","date_gmt":"2024-04-24T20:44:18","guid":{"rendered":"https:\/\/eterle.cz\/eshop\/produkt\/sada-pro-6-kaiser\/"},"modified":"2025-06-24T01:54:33","modified_gmt":"2025-06-23T23:54:33","slug":"sada-pro-6-kaiser","status":"publish","type":"product","link":"https:\/\/eterle.cz\/eshop\/produkt\/sada-pro-6-kaiser\/","title":{"rendered":"\u010cajov\u00e1 sada pro 6 \/ Kaiser"},"content":{"rendered":"<p>Romantick\u00e1 velmi n\u011b\u017en\u00e1 k\u00e1vov\u00e1 \u010di \u010dajov\u00e1 sada od n\u011bmeck\u00e9 porcel\u00e1nyk Kaiser zalo\u017een\u00e9 v 19. stolet\u00ed. Ka\u017ed\u00fd kus je vyr\u00e1b\u011bn ru\u010dn\u011b s velk\u00fdm nad\u0161en\u00edm a py\u0161n\u00ed se svou vlastn\u00ed individualitou. Kaiser porcel\u00e1n definuje sv\u00e9 z\u00e1kaznky jako ty, kte\u0159\u00ed si u\u017e\u00edvaj\u00ed pot\u011b\u0161en\u00ed ze \u017eivota i \u010dasu. U\u017eijte si tedy \u010das nad \u0161\u00e1lkem \u010daje \u010di k\u00e1vy s p\u0159\u00e1tely z tohoto romatick\u00e9ho porcle\u00e1nu.<\/p>\n<p>Sada obsahuje: 6x sn\u00edda\u0148ov\u00e1 sada, ml\u00e9kovka, cuk\u0159enka, t\u00e1c<\/p>\n<p>Stav: velmi dobr\u00fd<br \/>\nZna\u010dka: Kaiser<br \/>\nRozm\u011br<br \/>\nObjem ml\u00e9kovky: 200 ml<br \/>\nObjem hrne\u010dku: 150 cm<br \/>\nPr\u016fm\u011br pod\u0161\u00e1lku: 14 cm<br \/>\nPr\u016fm\u011br dezertn\u00edho tal\u00ed\u0159ku: 20 cm<br \/>\nCuk\u0159enka: 10 x 10 cm<br \/>\nT\u00e1c: 35 x 17 cm<\/p>\n","protected":false},"excerpt":{"rendered":"<p>Romantick\u00e1 velmi n\u011b\u017en\u00e1 k\u00e1vov\u00e1 \u010di \u010dajov\u00e1 sada od n\u011bmeck\u00e9 porcel\u00e1nyk Kaiser zalo\u017een\u00e9 v 19. stolet\u00ed. Ka\u017ed\u00fd kus je vyr\u00e1b\u011bn ru\u010dn\u011b<\/p>\n","protected":false},"featured_media":18841,"template":"","meta":[],"product_brand":[153],"product_cat":[76,111],"product_tag":[],"class_list":{"0":"post-18840","1":"product","2":"type-product","3":"status-publish","4":"has-post-thumbnail","6":"product_brand-eterle-cz","7":"product_cat-porcelan","8":"product_cat-porcelanove-sady","10":"first","11":"instock","12":"sale","13":"purchasable","14":"product-type-simple"},"_links":{"self":[{"href":"https:\/\/eterle.cz\/eshop\/wp-json\/wp\/v2\/product\/18840","targetHints":{"allow":["GET"]}}],"collection":[{"href":"https:\/\/eterle.cz\/eshop\/wp-json\/wp\/v2\/product"}],"about":[{"href":"https:\/\/eterle.cz\/eshop\/wp-json\/wp\/v2\/types\/product"}],"version-history":[{"count":1,"href":"https:\/\/eterle.cz\/eshop\/wp-json\/wp\/v2\/product\/18840\/revisions"}],"predecessor-version":[{"id":26368,"href":"https:\/\/eterle.cz\/eshop\/wp-json\/wp\/v2\/product\/18840\/revisions\/26368"}],"wp:featuredmedia":[{"embeddable":true,"href":"https:\/\/eterle.cz\/eshop\/wp-json\/wp\/v2\/media\/18841"}],"wp:attachment":[{"href":"https:\/\/eterle.cz\/eshop\/wp-json\/wp\/v2\/media?parent=18840"}],"wp:term":[{"taxonomy":"product_brand","embeddable":true,"href":"https:\/\/eterle.cz\/eshop\/wp-json\/wp\/v2\/product_brand?post=18840"},{"taxonomy":"product_cat","embeddable":true,"href":"https:\/\/eterle.cz\/eshop\/wp-json\/wp\/v2\/product_cat?post=18840"},{"taxonomy":"product_tag","embeddable":true,"href":"https:\/\/eterle.cz\/eshop\/wp-json\/wp\/v2\/product_tag?post=18840"}],"curies":[{"name":"wp","href":"https:\/\/api.w.org\/{rel}","templated":true}]}}