{"id":18856,"date":"2024-04-24T22:44:52","date_gmt":"2024-04-24T20:44:52","guid":{"rendered":"https:\/\/eterle.cz\/eshop\/produkt\/polevkova-misa-christineholm\/"},"modified":"2025-08-06T12:53:59","modified_gmt":"2025-08-06T10:53:59","slug":"polevkova-misa-christineholm","status":"publish","type":"product","link":"https:\/\/eterle.cz\/eshop\/produkt\/polevkova-misa-christineholm\/","title":{"rendered":"Pol\u00e9vkov\u00e1 m\u00edsa \/ Christineholm"},"content":{"rendered":"<p>Christineholm je porcel\u00e1n sb\u011bratelsk\u00e9 hodnoty. Tato pol\u00e9vkov\u00e1 m\u00edsa s kr\u00e1sn\u00fdm jemn\u00fdm modr\u00fdm dekorem kv\u011btin a \u00fachytem ve tvaru \u0161vestky bude kr\u00e1snou ozdobou stolu.<\/p>\n<p>Stav: perfektn\u00ed<br \/>\nZna\u010dka: Christineholm<br \/>\nObjem: 2,5 l<\/p>\n","protected":false},"excerpt":{"rendered":"<p>Christineholm je porcel\u00e1n sb\u011bratelsk\u00e9 hodnoty. Tato pol\u00e9vkov\u00e1 m\u00edsa s kr\u00e1sn\u00fdm jemn\u00fdm modr\u00fdm dekorem kv\u011btin a \u00fachytem ve tvaru \u0161vestky bude<\/p>\n","protected":false},"featured_media":18857,"template":"","meta":[],"product_brand":[153],"product_cat":[76,110],"product_tag":[],"class_list":{"0":"post-18856","1":"product","2":"type-product","3":"status-publish","4":"has-post-thumbnail","6":"product_brand-eterle-cz","7":"product_cat-porcelan","8":"product_cat-misy","10":"first","11":"instock","12":"purchasable","13":"product-type-simple"},"_links":{"self":[{"href":"https:\/\/eterle.cz\/eshop\/wp-json\/wp\/v2\/product\/18856","targetHints":{"allow":["GET"]}}],"collection":[{"href":"https:\/\/eterle.cz\/eshop\/wp-json\/wp\/v2\/product"}],"about":[{"href":"https:\/\/eterle.cz\/eshop\/wp-json\/wp\/v2\/types\/product"}],"version-history":[{"count":2,"href":"https:\/\/eterle.cz\/eshop\/wp-json\/wp\/v2\/product\/18856\/revisions"}],"predecessor-version":[{"id":27323,"href":"https:\/\/eterle.cz\/eshop\/wp-json\/wp\/v2\/product\/18856\/revisions\/27323"}],"wp:featuredmedia":[{"embeddable":true,"href":"https:\/\/eterle.cz\/eshop\/wp-json\/wp\/v2\/media\/18857"}],"wp:attachment":[{"href":"https:\/\/eterle.cz\/eshop\/wp-json\/wp\/v2\/media?parent=18856"}],"wp:term":[{"taxonomy":"product_brand","embeddable":true,"href":"https:\/\/eterle.cz\/eshop\/wp-json\/wp\/v2\/product_brand?post=18856"},{"taxonomy":"product_cat","embeddable":true,"href":"https:\/\/eterle.cz\/eshop\/wp-json\/wp\/v2\/product_cat?post=18856"},{"taxonomy":"product_tag","embeddable":true,"href":"https:\/\/eterle.cz\/eshop\/wp-json\/wp\/v2\/product_tag?post=18856"}],"curies":[{"name":"wp","href":"https:\/\/api.w.org\/{rel}","templated":true}]}}