{"id":18863,"date":"2024-04-24T22:45:11","date_gmt":"2024-04-24T20:45:11","guid":{"rendered":"https:\/\/eterle.cz\/eshop\/produkt\/cajova-sada-pro-4-hutschenreuther\/"},"modified":"2025-02-16T02:47:39","modified_gmt":"2025-02-16T01:47:39","slug":"cajova-sada-pro-4-hutschenreuther","status":"publish","type":"product","link":"https:\/\/eterle.cz\/eshop\/produkt\/cajova-sada-pro-4-hutschenreuther\/","title":{"rendered":"\u010cajov\u00e1 sada pro 4 \/ Hutschenreuther"},"content":{"rendered":"<p>\u010cajov\u00e1 sada pro 4 osoby od n\u011bmeck\u00e9 porcel\u00e1nky Hutschenreuther v neobvykl\u00e9 barevn\u00e9 kombinaci p\u016fsob\u00ed sv\u00fdm tvarem i dekorem prou\u017ek\u016f velmi modern\u00edm dojmem.  <\/p>\n<p>Sada obsahuje: \u010dajov\u00e1 konvice, ml\u00e9kovka, cuk\u0159enka, 4x sn\u00edda\u0148ov\u00e1 sada<\/p>\n<p>Stav:perfektn\u00ed<br \/>\nZna\u010dka: Hutschenreuther<br \/>\nRozm\u011br<br \/>\nObjem konvice: 1,2 l<br \/>\nObjem hrne\u010dku: 150 ml<br \/>\nObjem ml\u00e9kovky: 200 ml<br \/>\nCuk\u0159enka: 8 x 8 cm<br \/>\nPr\u016fm\u011br pod\u0161\u00e1lku: 13 cm<br \/>\nPr\u016fm\u011br dezertn\u00edho tal\u00ed\u0159ku: 18 cm<\/p>\n","protected":false},"excerpt":{"rendered":"<p>\u010cajov\u00e1 sada pro 4 osoby od n\u011bmeck\u00e9 porcel\u00e1nky Hutschenreuther v neobvykl\u00e9 barevn\u00e9 kombinaci p\u016fsob\u00ed sv\u00fdm tvarem i dekorem prou\u017ek\u016f velmi<\/p>\n","protected":false},"featured_media":18864,"template":"","meta":[],"product_brand":[153],"product_cat":[91],"product_tag":[],"class_list":{"0":"post-18863","1":"product","2":"type-product","3":"status-publish","4":"has-post-thumbnail","6":"product_brand-eterle-cz","7":"product_cat-prodane","9":"first","10":"outofstock","11":"purchasable","12":"product-type-simple"},"_links":{"self":[{"href":"https:\/\/eterle.cz\/eshop\/wp-json\/wp\/v2\/product\/18863","targetHints":{"allow":["GET"]}}],"collection":[{"href":"https:\/\/eterle.cz\/eshop\/wp-json\/wp\/v2\/product"}],"about":[{"href":"https:\/\/eterle.cz\/eshop\/wp-json\/wp\/v2\/types\/product"}],"version-history":[{"count":0,"href":"https:\/\/eterle.cz\/eshop\/wp-json\/wp\/v2\/product\/18863\/revisions"}],"wp:featuredmedia":[{"embeddable":true,"href":"https:\/\/eterle.cz\/eshop\/wp-json\/wp\/v2\/media\/18864"}],"wp:attachment":[{"href":"https:\/\/eterle.cz\/eshop\/wp-json\/wp\/v2\/media?parent=18863"}],"wp:term":[{"taxonomy":"product_brand","embeddable":true,"href":"https:\/\/eterle.cz\/eshop\/wp-json\/wp\/v2\/product_brand?post=18863"},{"taxonomy":"product_cat","embeddable":true,"href":"https:\/\/eterle.cz\/eshop\/wp-json\/wp\/v2\/product_cat?post=18863"},{"taxonomy":"product_tag","embeddable":true,"href":"https:\/\/eterle.cz\/eshop\/wp-json\/wp\/v2\/product_tag?post=18863"}],"curies":[{"name":"wp","href":"https:\/\/api.w.org\/{rel}","templated":true}]}}