{"id":18871,"date":"2024-04-24T22:45:28","date_gmt":"2024-04-24T20:45:28","guid":{"rendered":"https:\/\/eterle.cz\/eshop\/produkt\/jidelni-sada-pro-12-rosenthal-2\/"},"modified":"2025-02-16T02:47:39","modified_gmt":"2025-02-16T01:47:39","slug":"jidelni-sada-pro-12-rosenthal-2","status":"publish","type":"product","link":"https:\/\/eterle.cz\/eshop\/produkt\/jidelni-sada-pro-12-rosenthal-2\/","title":{"rendered":"J\u00eddeln\u00ed sada pro 12 \/ Rosenthal"},"content":{"rendered":"<p>Sv\u00e1te\u010dn\u00ed sada pro 12 osob od n\u011bmeck\u00e9 porcel\u00e1nky Rosenthal z \u0159ady Chippendale. Vysoce elegantn\u00ed porcel\u00e1n v barv\u011b slonov\u00e9 kosti se zlat\u00fdm lemem ve dvou lini\u00edch, kter\u00e9 zdob\u00ed plastick\u00fd okraj jednotliv\u00fdch kus\u016f. N\u00e1dhern\u00e1 sada nejen na sv\u00e1te\u010dn\u00ed stolov\u00e1n\u00ed. <\/p>\n<p>Sada obsahuje 46 kus\u016f: 12 m\u011blk\u00fdch tal\u00ed\u0159\u016f, 12 hlubok\u00fdch tal\u00ed\u0159\u016f, 12 dezertn\u00edch tal\u00ed\u0159\u016f, 1 om\u00e1\u010dn\u00edk, 2 serv\u00edrovac\u00ed tal\u00ed\u0159e (hlub\u0161\u00ed a ml\u011bk\u00fd), 2 sal\u00e1tov\u00e9 m\u00edsy, 1 men\u0161\u00ed miska, 3 t\u00e1ci r\u016fzn\u00fdch velikost\u00ed, 1 ov\u00e1ln\u00e1 miska<\/p>\n<p>Stav: perfektn\u00ed<br \/>\nZna\u010dka: Rosenthal<br \/>\nRozm\u011br<br \/>\nPr\u016fm\u011br hlubok\u00e9ho tal\u00ed\u0159e: 24,5 cm<br \/>\nPr\u016fm\u011br m\u011blk\u00e9ho tal\u00ed\u0159e: 24,5 cm<br \/>\nPr\u016fm\u011br dezertn\u00edho tal\u00ed\u0159e: 19 cm<br \/>\nPr\u016fm\u011br serv\u00edrovac\u00edho tal\u00ed\u0159e: 32 cm<br \/>\nSal\u00e1tov\u00e1 m\u00edsa: pr\u016fm\u011br 25,5 cm, v\u00fd\u0161ka 8,5 cm<br \/>\nMen\u0161\u00ed miska: pr\u016fm\u011br 20 cm, v\u00fd\u0161ka 6 cm<br \/>\nOv\u00e1ln\u00e9 t\u00e1ci: 33 x 22,5 cm; 37 x 25 cm; 45 x 30,5 cm<br \/>\nOv\u00e1ln\u00e1 miska: 15 x 24 cm<\/p>\n","protected":false},"excerpt":{"rendered":"<p>Sv\u00e1te\u010dn\u00ed sada pro 12 osob od n\u011bmeck\u00e9 porcel\u00e1nky Rosenthal z \u0159ady Chippendale. Vysoce elegantn\u00ed porcel\u00e1n v barv\u011b slonov\u00e9 kosti se<\/p>\n","protected":false},"featured_media":18872,"template":"","meta":[],"product_brand":[153],"product_cat":[91],"product_tag":[],"class_list":{"0":"post-18871","1":"product","2":"type-product","3":"status-publish","4":"has-post-thumbnail","6":"product_brand-eterle-cz","7":"product_cat-prodane","8":"product_shipping_class-nadrozmerne","10":"first","11":"outofstock","12":"purchasable","13":"product-type-simple"},"_links":{"self":[{"href":"https:\/\/eterle.cz\/eshop\/wp-json\/wp\/v2\/product\/18871","targetHints":{"allow":["GET"]}}],"collection":[{"href":"https:\/\/eterle.cz\/eshop\/wp-json\/wp\/v2\/product"}],"about":[{"href":"https:\/\/eterle.cz\/eshop\/wp-json\/wp\/v2\/types\/product"}],"version-history":[{"count":0,"href":"https:\/\/eterle.cz\/eshop\/wp-json\/wp\/v2\/product\/18871\/revisions"}],"wp:featuredmedia":[{"embeddable":true,"href":"https:\/\/eterle.cz\/eshop\/wp-json\/wp\/v2\/media\/18872"}],"wp:attachment":[{"href":"https:\/\/eterle.cz\/eshop\/wp-json\/wp\/v2\/media?parent=18871"}],"wp:term":[{"taxonomy":"product_brand","embeddable":true,"href":"https:\/\/eterle.cz\/eshop\/wp-json\/wp\/v2\/product_brand?post=18871"},{"taxonomy":"product_cat","embeddable":true,"href":"https:\/\/eterle.cz\/eshop\/wp-json\/wp\/v2\/product_cat?post=18871"},{"taxonomy":"product_tag","embeddable":true,"href":"https:\/\/eterle.cz\/eshop\/wp-json\/wp\/v2\/product_tag?post=18871"}],"curies":[{"name":"wp","href":"https:\/\/api.w.org\/{rel}","templated":true}]}}