{"id":18914,"date":"2024-04-24T22:46:45","date_gmt":"2024-04-24T20:46:45","guid":{"rendered":"https:\/\/eterle.cz\/eshop\/produkt\/cajova-konvice-rosenthal-2\/"},"modified":"2025-02-16T02:47:38","modified_gmt":"2025-02-16T01:47:38","slug":"cajova-konvice-rosenthal-2","status":"publish","type":"product","link":"https:\/\/eterle.cz\/eshop\/produkt\/cajova-konvice-rosenthal-2\/","title":{"rendered":"\u010cajov\u00e1 konvice\/ Rosenthal"},"content":{"rendered":"<p>\u010cajov\u00e1 konvice od n\u011bmeck\u00e9 porcel\u00e1nky Rosenthal buclat\u00e9ho tvaru trochu jako Aladinova lampa. Na podstavci a na lemu v\u00ed\u010dka je zdobena plastick\u00fdmi kuli\u010dkami. V\u00ed\u010dko je nav\u00edc lemov\u00e1no zlatou linkou a \u010derno-b\u00edl\u00fdmi drobn\u00fdmi kyti\u010dkami. Jako t\u0159e\u0161ni\u010dka na dortu p\u016fsob\u00ed zlat\u011b dekorovan\u00fd \u00fachyt v\u00ed\u010dka. Konvi\u010dka lze kombinovat s \u010dis\u011b b\u00edl\u00fdm porcel\u00e1nem sp\u00ed\u0161e siln\u011bj\u0161\u00edho st\u0159epu.<\/p>\n<p>Stav: perfektn\u00ed, jen uvnit\u0159 u s\u00edtka zn\u00e1mky pou\u017e\u00edv\u00e1n\u00ed<br \/>\nZna\u010dka: Rosenthal<br \/>\nObjem: 650 ml<br \/>\nV\u00fd\u0161ka: 17 cm<\/p>\n","protected":false},"excerpt":{"rendered":"<p>\u010cajov\u00e1 konvice od n\u011bmeck\u00e9 porcel\u00e1nky Rosenthal buclat\u00e9ho tvaru trochu jako Aladinova lampa. Na podstavci a na lemu v\u00ed\u010dka je zdobena<\/p>\n","protected":false},"featured_media":18915,"template":"","meta":[],"product_brand":[153],"product_cat":[91],"product_tag":[],"class_list":{"0":"post-18914","1":"product","2":"type-product","3":"status-publish","4":"has-post-thumbnail","6":"product_brand-eterle-cz","7":"product_cat-prodane","9":"first","10":"outofstock","11":"purchasable","12":"product-type-simple"},"_links":{"self":[{"href":"https:\/\/eterle.cz\/eshop\/wp-json\/wp\/v2\/product\/18914","targetHints":{"allow":["GET"]}}],"collection":[{"href":"https:\/\/eterle.cz\/eshop\/wp-json\/wp\/v2\/product"}],"about":[{"href":"https:\/\/eterle.cz\/eshop\/wp-json\/wp\/v2\/types\/product"}],"version-history":[{"count":0,"href":"https:\/\/eterle.cz\/eshop\/wp-json\/wp\/v2\/product\/18914\/revisions"}],"wp:featuredmedia":[{"embeddable":true,"href":"https:\/\/eterle.cz\/eshop\/wp-json\/wp\/v2\/media\/18915"}],"wp:attachment":[{"href":"https:\/\/eterle.cz\/eshop\/wp-json\/wp\/v2\/media?parent=18914"}],"wp:term":[{"taxonomy":"product_brand","embeddable":true,"href":"https:\/\/eterle.cz\/eshop\/wp-json\/wp\/v2\/product_brand?post=18914"},{"taxonomy":"product_cat","embeddable":true,"href":"https:\/\/eterle.cz\/eshop\/wp-json\/wp\/v2\/product_cat?post=18914"},{"taxonomy":"product_tag","embeddable":true,"href":"https:\/\/eterle.cz\/eshop\/wp-json\/wp\/v2\/product_tag?post=18914"}],"curies":[{"name":"wp","href":"https:\/\/api.w.org\/{rel}","templated":true}]}}