{"id":18928,"date":"2024-04-24T22:47:21","date_gmt":"2024-04-24T20:47:21","guid":{"rendered":"https:\/\/eterle.cz\/eshop\/produkt\/polevkova-misa-haas-a-czjzek-2\/"},"modified":"2025-02-16T02:47:37","modified_gmt":"2025-02-16T01:47:37","slug":"polevkova-misa-haas-a-czjzek-2","status":"publish","type":"product","link":"https:\/\/eterle.cz\/eshop\/produkt\/polevkova-misa-haas-a-czjzek-2\/","title":{"rendered":"Pol\u00e9vkov\u00e1 m\u00edsa \/Haas a Czjzek"},"content":{"rendered":"<p>Kr\u00e1sn\u00e1 velk\u00e1 sv\u00e1te\u010dn\u00ed pol\u00e9vkov\u00e1 m\u00edsa od \u010desk\u00e9 porcel\u00e1nky Haas a Czjzek p\u016fsob\u00ed jak ze z\u00e1meck\u00e9ho stolu. Kombinace b\u00edlo zlat\u00e9 je v\u017edy velmi elegantn\u00ed. Sv\u00e1te\u010dnost m\u00edsy umoc\u0148uje i jej\u00ed tvar a bohat\u011b zdoben\u00e1 ucha v\u010detn\u011b \u00fachytu na v\u00ed\u010dku.<\/p>\n<p>Stav: dobr\u00fd, pouze na v\u00ed\u010dku od\u0159en\u00e9 v m\u00edstech plastick\u00fdch zlom\u016f<br \/>\nZna\u010dka: Haas a Czjzek<br \/>\nRozm\u011br<br \/>\nObjem: 2,3 l<br \/>\n\u0160\u00ed\u0159ku: 35 cm<br \/>\nV\u00fd\u0161ka: 20 cm<\/p>\n","protected":false},"excerpt":{"rendered":"<p>Kr\u00e1sn\u00e1 velk\u00e1 sv\u00e1te\u010dn\u00ed pol\u00e9vkov\u00e1 m\u00edsa od \u010desk\u00e9 porcel\u00e1nky Haas a Czjzek p\u016fsob\u00ed jak ze z\u00e1meck\u00e9ho stolu. Kombinace b\u00edlo zlat\u00e9 je<\/p>\n","protected":false},"featured_media":18929,"template":"","meta":[],"product_brand":[153],"product_cat":[91],"product_tag":[],"class_list":{"0":"post-18928","1":"product","2":"type-product","3":"status-publish","4":"has-post-thumbnail","6":"product_brand-eterle-cz","7":"product_cat-prodane","9":"first","10":"outofstock","11":"purchasable","12":"product-type-simple"},"_links":{"self":[{"href":"https:\/\/eterle.cz\/eshop\/wp-json\/wp\/v2\/product\/18928","targetHints":{"allow":["GET"]}}],"collection":[{"href":"https:\/\/eterle.cz\/eshop\/wp-json\/wp\/v2\/product"}],"about":[{"href":"https:\/\/eterle.cz\/eshop\/wp-json\/wp\/v2\/types\/product"}],"version-history":[{"count":0,"href":"https:\/\/eterle.cz\/eshop\/wp-json\/wp\/v2\/product\/18928\/revisions"}],"wp:featuredmedia":[{"embeddable":true,"href":"https:\/\/eterle.cz\/eshop\/wp-json\/wp\/v2\/media\/18929"}],"wp:attachment":[{"href":"https:\/\/eterle.cz\/eshop\/wp-json\/wp\/v2\/media?parent=18928"}],"wp:term":[{"taxonomy":"product_brand","embeddable":true,"href":"https:\/\/eterle.cz\/eshop\/wp-json\/wp\/v2\/product_brand?post=18928"},{"taxonomy":"product_cat","embeddable":true,"href":"https:\/\/eterle.cz\/eshop\/wp-json\/wp\/v2\/product_cat?post=18928"},{"taxonomy":"product_tag","embeddable":true,"href":"https:\/\/eterle.cz\/eshop\/wp-json\/wp\/v2\/product_tag?post=18928"}],"curies":[{"name":"wp","href":"https:\/\/api.w.org\/{rel}","templated":true}]}}