{"id":18935,"date":"2024-04-24T22:47:34","date_gmt":"2024-04-24T20:47:34","guid":{"rendered":"https:\/\/eterle.cz\/eshop\/produkt\/cajova-sada-pro-4-rosenthal-2\/"},"modified":"2025-02-16T02:47:37","modified_gmt":"2025-02-16T01:47:37","slug":"cajova-sada-pro-4-rosenthal-2","status":"publish","type":"product","link":"https:\/\/eterle.cz\/eshop\/produkt\/cajova-sada-pro-4-rosenthal-2\/","title":{"rendered":"\u010cajov\u00e1 sada pro 4 \/ Rosenthal"},"content":{"rendered":"<p>Romantick\u00e1 \u010dajov\u00e1 sada od n\u011bmeck\u00e9 porcel\u00e1nky Rosenthal s \u0161\u00e1lky v klasick\u00e9m tvaru. Tato sada v\u00e1m do domu p\u0159inese sv\u011b\u017eest a barvu d\u00edky bohat\u00e9mu pestr\u00e9mu dekoru lu\u010dn\u00edch kv\u011btin. <\/p>\n<p>Sada obsahuje: \u010dajovou konvici, ml\u00e9kovku, cuk\u0159enku, 4x \u0161ap\u00f3<\/p>\n<p>Stav: perfektn\u00ed<br \/>\nZna\u010dka: Rosenthal<br \/>\nRozm\u011br<br \/>\nObjem konvice: 1,5 ml<br \/>\nObjem ml\u00e9kovky: 250 ml<br \/>\nCuk\u0159enka: 16 x 7 cm<br \/>\nObjem hrne\u010dku: 150 ml<br \/>\nPr\u016fm\u011br pod\u0161\u00e1lku: 14 cm<\/p>\n","protected":false},"excerpt":{"rendered":"<p>Romantick\u00e1 \u010dajov\u00e1 sada od n\u011bmeck\u00e9 porcel\u00e1nky Rosenthal s \u0161\u00e1lky v klasick\u00e9m tvaru. Tato sada v\u00e1m do domu p\u0159inese sv\u011b\u017eest a<\/p>\n","protected":false},"featured_media":18936,"template":"","meta":[],"product_brand":[153],"product_cat":[91],"product_tag":[],"class_list":{"0":"post-18935","1":"product","2":"type-product","3":"status-publish","4":"has-post-thumbnail","6":"product_brand-eterle-cz","7":"product_cat-prodane","9":"first","10":"outofstock","11":"sale","12":"purchasable","13":"product-type-simple"},"_links":{"self":[{"href":"https:\/\/eterle.cz\/eshop\/wp-json\/wp\/v2\/product\/18935","targetHints":{"allow":["GET"]}}],"collection":[{"href":"https:\/\/eterle.cz\/eshop\/wp-json\/wp\/v2\/product"}],"about":[{"href":"https:\/\/eterle.cz\/eshop\/wp-json\/wp\/v2\/types\/product"}],"version-history":[{"count":0,"href":"https:\/\/eterle.cz\/eshop\/wp-json\/wp\/v2\/product\/18935\/revisions"}],"wp:featuredmedia":[{"embeddable":true,"href":"https:\/\/eterle.cz\/eshop\/wp-json\/wp\/v2\/media\/18936"}],"wp:attachment":[{"href":"https:\/\/eterle.cz\/eshop\/wp-json\/wp\/v2\/media?parent=18935"}],"wp:term":[{"taxonomy":"product_brand","embeddable":true,"href":"https:\/\/eterle.cz\/eshop\/wp-json\/wp\/v2\/product_brand?post=18935"},{"taxonomy":"product_cat","embeddable":true,"href":"https:\/\/eterle.cz\/eshop\/wp-json\/wp\/v2\/product_cat?post=18935"},{"taxonomy":"product_tag","embeddable":true,"href":"https:\/\/eterle.cz\/eshop\/wp-json\/wp\/v2\/product_tag?post=18935"}],"curies":[{"name":"wp","href":"https:\/\/api.w.org\/{rel}","templated":true}]}}