{"id":18949,"date":"2024-04-24T22:48:00","date_gmt":"2024-04-24T20:48:00","guid":{"rendered":"https:\/\/eterle.cz\/eshop\/produkt\/sada-6-dezertnich-talirku-rosenthal\/"},"modified":"2025-02-16T02:47:36","modified_gmt":"2025-02-16T01:47:36","slug":"sada-6-dezertnich-talirku-rosenthal","status":"publish","type":"product","link":"https:\/\/eterle.cz\/eshop\/produkt\/sada-6-dezertnich-talirku-rosenthal\/","title":{"rendered":"Sada 6 dezertn\u00edch tal\u00ed\u0159k\u016f \/ Rosenthal"},"content":{"rendered":"<p>Romantick\u00e1 sada dezertn\u00edch tal\u00ed\u0159k\u016f od n\u011bmeck\u00e9 porcel\u00e1nky Rosenthal. Tato sada v\u00e1m do domu p\u0159inese sv\u011b\u017eest a barvu d\u00edky bohat\u00e9mu pestr\u00e9mu dekoru lu\u010dn\u00edch kv\u011btin.<\/p>\n<p>Stav: perfektn\u00ed<br \/>\nZna\u010dka: Rosenthal<br \/>\nPr\u016fm\u011br: 17 cm<\/p>\n","protected":false},"excerpt":{"rendered":"<p>Romantick\u00e1 sada dezertn\u00edch tal\u00ed\u0159k\u016f od n\u011bmeck\u00e9 porcel\u00e1nky Rosenthal. Tato sada v\u00e1m do domu p\u0159inese sv\u011b\u017eest a barvu d\u00edky bohat\u00e9mu pestr\u00e9mu<\/p>\n","protected":false},"featured_media":18950,"template":"","meta":[],"product_brand":[153],"product_cat":[91],"product_tag":[],"class_list":{"0":"post-18949","1":"product","2":"type-product","3":"status-publish","4":"has-post-thumbnail","6":"product_brand-eterle-cz","7":"product_cat-prodane","9":"first","10":"outofstock","11":"purchasable","12":"product-type-simple"},"_links":{"self":[{"href":"https:\/\/eterle.cz\/eshop\/wp-json\/wp\/v2\/product\/18949","targetHints":{"allow":["GET"]}}],"collection":[{"href":"https:\/\/eterle.cz\/eshop\/wp-json\/wp\/v2\/product"}],"about":[{"href":"https:\/\/eterle.cz\/eshop\/wp-json\/wp\/v2\/types\/product"}],"version-history":[{"count":0,"href":"https:\/\/eterle.cz\/eshop\/wp-json\/wp\/v2\/product\/18949\/revisions"}],"wp:featuredmedia":[{"embeddable":true,"href":"https:\/\/eterle.cz\/eshop\/wp-json\/wp\/v2\/media\/18950"}],"wp:attachment":[{"href":"https:\/\/eterle.cz\/eshop\/wp-json\/wp\/v2\/media?parent=18949"}],"wp:term":[{"taxonomy":"product_brand","embeddable":true,"href":"https:\/\/eterle.cz\/eshop\/wp-json\/wp\/v2\/product_brand?post=18949"},{"taxonomy":"product_cat","embeddable":true,"href":"https:\/\/eterle.cz\/eshop\/wp-json\/wp\/v2\/product_cat?post=18949"},{"taxonomy":"product_tag","embeddable":true,"href":"https:\/\/eterle.cz\/eshop\/wp-json\/wp\/v2\/product_tag?post=18949"}],"curies":[{"name":"wp","href":"https:\/\/api.w.org\/{rel}","templated":true}]}}