{"id":18955,"date":"2024-04-24T22:48:11","date_gmt":"2024-04-24T20:48:11","guid":{"rendered":"https:\/\/eterle.cz\/eshop\/produkt\/velka-kocka-dux\/"},"modified":"2025-02-16T02:47:36","modified_gmt":"2025-02-16T01:47:36","slug":"velka-kocka-dux","status":"publish","type":"product","link":"https:\/\/eterle.cz\/eshop\/produkt\/velka-kocka-dux\/","title":{"rendered":"Velk\u00e1 ko\u010dka \/ Dux"},"content":{"rendered":"<p>So\u0161ka protahuj\u00edc\u00edho se kocoura dle n\u00e1vrhu Valerie Ko\u0161kin (Valeria Ko\u0161kina) pro Dux byla jej\u00ed prvn\u00ed spolupr\u00e1c\u00ed s touto porcel\u00e1nkou. N\u00e1sledovaly n\u00e1vrhy p\u00e1ru ko\u010dek, ryb a \u017e\u00e1by. Valeria Ko\u0161kina pracuje v oblasti drobn\u00e9 plastiky, medail\u00ed a dekorativn\u00edho um\u011bn\u00ed.<\/p>\n<p>Stav: perfektn\u00ed<br \/>\nZna\u010dka: Dux<br \/>\nRozm\u011br<br \/>\nV\u00fd\u0161ka: 14 cm<br \/>\nHloubka: 10 cm<br \/>\nD\u00e9lka: 35 cm<\/p>\n","protected":false},"excerpt":{"rendered":"<p>So\u0161ka protahuj\u00edc\u00edho se kocoura dle n\u00e1vrhu Valerie Ko\u0161kin (Valeria Ko\u0161kina) pro Dux byla jej\u00ed prvn\u00ed spolupr\u00e1c\u00ed s touto porcel\u00e1nkou. N\u00e1sledovaly<\/p>\n","protected":false},"featured_media":18956,"template":"","meta":[],"product_brand":[153],"product_cat":[91],"product_tag":[],"class_list":{"0":"post-18955","1":"product","2":"type-product","3":"status-publish","4":"has-post-thumbnail","6":"product_brand-eterle-cz","7":"product_cat-prodane","9":"first","10":"outofstock","11":"purchasable","12":"product-type-simple"},"_links":{"self":[{"href":"https:\/\/eterle.cz\/eshop\/wp-json\/wp\/v2\/product\/18955","targetHints":{"allow":["GET"]}}],"collection":[{"href":"https:\/\/eterle.cz\/eshop\/wp-json\/wp\/v2\/product"}],"about":[{"href":"https:\/\/eterle.cz\/eshop\/wp-json\/wp\/v2\/types\/product"}],"version-history":[{"count":0,"href":"https:\/\/eterle.cz\/eshop\/wp-json\/wp\/v2\/product\/18955\/revisions"}],"wp:featuredmedia":[{"embeddable":true,"href":"https:\/\/eterle.cz\/eshop\/wp-json\/wp\/v2\/media\/18956"}],"wp:attachment":[{"href":"https:\/\/eterle.cz\/eshop\/wp-json\/wp\/v2\/media?parent=18955"}],"wp:term":[{"taxonomy":"product_brand","embeddable":true,"href":"https:\/\/eterle.cz\/eshop\/wp-json\/wp\/v2\/product_brand?post=18955"},{"taxonomy":"product_cat","embeddable":true,"href":"https:\/\/eterle.cz\/eshop\/wp-json\/wp\/v2\/product_cat?post=18955"},{"taxonomy":"product_tag","embeddable":true,"href":"https:\/\/eterle.cz\/eshop\/wp-json\/wp\/v2\/product_tag?post=18955"}],"curies":[{"name":"wp","href":"https:\/\/api.w.org\/{rel}","templated":true}]}}