{"id":18962,"date":"2024-04-24T22:48:34","date_gmt":"2024-04-24T20:48:34","guid":{"rendered":"https:\/\/eterle.cz\/eshop\/produkt\/slon-dux-2\/"},"modified":"2026-01-15T09:16:25","modified_gmt":"2026-01-15T08:16:25","slug":"slon-dux-2","status":"publish","type":"product","link":"https:\/\/eterle.cz\/eshop\/produkt\/slon-dux-2\/","title":{"rendered":"Slon \/ Dux"},"content":{"rendered":"<p>Roztomil\u00e1 sb\u011bratelsk\u00e1 \u0161o\u0161ka slona od \u010desk\u00e9 porcel\u00e1nky Royal Dux.<\/p>\n<p>Stav: perfektn\u00ed<br \/>\nZna\u010dka: Dux<br \/>\nRozm\u011br<br \/>\nV\u00fd\u0161ka: 7cm<br \/>\n\u0160\u00ed\u0159ka: 11 cm<\/p>\n","protected":false},"excerpt":{"rendered":"<p>Roztomil\u00e1 sb\u011bratelsk\u00e1 \u0161o\u0161ka slona od \u010desk\u00e9 porcel\u00e1nky Royal Dux. Stav: perfektn\u00ed Zna\u010dka: Dux Rozm\u011br V\u00fd\u0161ka: 7cm \u0160\u00ed\u0159ka: 11 cm<\/p>\n","protected":false},"featured_media":18963,"template":"","meta":[],"product_brand":[153],"product_cat":[91],"product_tag":[],"class_list":{"0":"post-18962","1":"product","2":"type-product","3":"status-publish","4":"has-post-thumbnail","6":"product_brand-eterle-cz","7":"product_cat-prodane","9":"first","10":"outofstock","11":"purchasable","12":"product-type-simple"},"_links":{"self":[{"href":"https:\/\/eterle.cz\/eshop\/wp-json\/wp\/v2\/product\/18962","targetHints":{"allow":["GET"]}}],"collection":[{"href":"https:\/\/eterle.cz\/eshop\/wp-json\/wp\/v2\/product"}],"about":[{"href":"https:\/\/eterle.cz\/eshop\/wp-json\/wp\/v2\/types\/product"}],"version-history":[{"count":1,"href":"https:\/\/eterle.cz\/eshop\/wp-json\/wp\/v2\/product\/18962\/revisions"}],"predecessor-version":[{"id":26364,"href":"https:\/\/eterle.cz\/eshop\/wp-json\/wp\/v2\/product\/18962\/revisions\/26364"}],"wp:featuredmedia":[{"embeddable":true,"href":"https:\/\/eterle.cz\/eshop\/wp-json\/wp\/v2\/media\/18963"}],"wp:attachment":[{"href":"https:\/\/eterle.cz\/eshop\/wp-json\/wp\/v2\/media?parent=18962"}],"wp:term":[{"taxonomy":"product_brand","embeddable":true,"href":"https:\/\/eterle.cz\/eshop\/wp-json\/wp\/v2\/product_brand?post=18962"},{"taxonomy":"product_cat","embeddable":true,"href":"https:\/\/eterle.cz\/eshop\/wp-json\/wp\/v2\/product_cat?post=18962"},{"taxonomy":"product_tag","embeddable":true,"href":"https:\/\/eterle.cz\/eshop\/wp-json\/wp\/v2\/product_tag?post=18962"}],"curies":[{"name":"wp","href":"https:\/\/api.w.org\/{rel}","templated":true}]}}