{"id":18967,"date":"2024-04-24T22:48:45","date_gmt":"2024-04-24T20:48:45","guid":{"rendered":"https:\/\/eterle.cz\/eshop\/produkt\/opice-dux\/"},"modified":"2025-03-03T22:09:01","modified_gmt":"2025-03-03T21:09:01","slug":"opice-dux","status":"publish","type":"product","link":"https:\/\/eterle.cz\/eshop\/produkt\/opice-dux\/","title":{"rendered":"Opice \/ Dux"},"content":{"rendered":"<p>Roztomil\u00e1 sb\u011bratelsk\u00e1 \u0161o\u0161ka opice od \u010desk\u00e9 porcel\u00e1nky Royal Dux.<\/p>\n<p>Stav: perfektn\u00ed<br \/>\nZna\u010dka: Dux<br \/>\nRozm\u011br<br \/>\nV\u00fd\u0161ka: 8 cm<br \/>\n\u0160\u00ed\u0159ka: 13 cm<\/p>\n","protected":false},"excerpt":{"rendered":"<p>Roztomil\u00e1 sb\u011bratelsk\u00e1 \u0161o\u0161ka opice od \u010desk\u00e9 porcel\u00e1nky Royal Dux. Stav: perfektn\u00ed Zna\u010dka: Dux Rozm\u011br V\u00fd\u0161ka: 8 cm \u0160\u00ed\u0159ka: 13 cm<\/p>\n","protected":false},"featured_media":18968,"template":"","meta":[],"product_brand":[153],"product_cat":[91],"product_tag":[],"class_list":{"0":"post-18967","1":"product","2":"type-product","3":"status-publish","4":"has-post-thumbnail","6":"product_brand-eterle-cz","7":"product_cat-prodane","9":"first","10":"outofstock","11":"purchasable","12":"product-type-simple"},"_links":{"self":[{"href":"https:\/\/eterle.cz\/eshop\/wp-json\/wp\/v2\/product\/18967","targetHints":{"allow":["GET"]}}],"collection":[{"href":"https:\/\/eterle.cz\/eshop\/wp-json\/wp\/v2\/product"}],"about":[{"href":"https:\/\/eterle.cz\/eshop\/wp-json\/wp\/v2\/types\/product"}],"version-history":[{"count":0,"href":"https:\/\/eterle.cz\/eshop\/wp-json\/wp\/v2\/product\/18967\/revisions"}],"wp:featuredmedia":[{"embeddable":true,"href":"https:\/\/eterle.cz\/eshop\/wp-json\/wp\/v2\/media\/18968"}],"wp:attachment":[{"href":"https:\/\/eterle.cz\/eshop\/wp-json\/wp\/v2\/media?parent=18967"}],"wp:term":[{"taxonomy":"product_brand","embeddable":true,"href":"https:\/\/eterle.cz\/eshop\/wp-json\/wp\/v2\/product_brand?post=18967"},{"taxonomy":"product_cat","embeddable":true,"href":"https:\/\/eterle.cz\/eshop\/wp-json\/wp\/v2\/product_cat?post=18967"},{"taxonomy":"product_tag","embeddable":true,"href":"https:\/\/eterle.cz\/eshop\/wp-json\/wp\/v2\/product_tag?post=18967"}],"curies":[{"name":"wp","href":"https:\/\/api.w.org\/{rel}","templated":true}]}}