{"id":18972,"date":"2024-04-24T22:48:56","date_gmt":"2024-04-24T20:48:56","guid":{"rendered":"https:\/\/eterle.cz\/eshop\/produkt\/skolni-plakat-parazite\/"},"modified":"2025-06-24T01:54:32","modified_gmt":"2025-06-23T23:54:32","slug":"skolni-plakat-parazite","status":"publish","type":"product","link":"https:\/\/eterle.cz\/eshop\/produkt\/skolni-plakat-parazite\/","title":{"rendered":"\u0160koln\u00ed plak\u00e1t &#8211; parazit\u00e9"},"content":{"rendered":"<p>\u0160koln\u00ed plak\u00e1t pro odv\u00e1\u017en\u00e9 \ud83d\ude42 Zobrazuje vn\u011bj\u0161\u00ed parazity \u010dlov\u011bka a poch\u00e1z\u00ed z roku 1989.<\/p>\n<p>Stav: dobr\u00fd<br \/>\nRozm\u011br<br \/>\nV\u00fd\u0161ka: 96 cm<br \/>\n\u0160\u00ed\u0159ka: 69 cm<\/p>\n","protected":false},"excerpt":{"rendered":"<p>\u0160koln\u00ed plak\u00e1t pro odv\u00e1\u017en\u00e9 \ud83d\ude42 Zobrazuje vn\u011bj\u0161\u00ed parazity \u010dlov\u011bka a poch\u00e1z\u00ed z roku 1989. Stav: dobr\u00fd Rozm\u011br V\u00fd\u0161ka: 96 cm<\/p>\n","protected":false},"featured_media":18973,"template":"","meta":[],"product_brand":[153],"product_cat":[80,137],"product_tag":[],"class_list":{"0":"post-18972","1":"product","2":"type-product","3":"status-publish","4":"has-post-thumbnail","6":"product_brand-eterle-cz","7":"product_cat-dekorace","8":"product_cat-ostatni-dekorace","9":"product_shipping_class-nadrozmerne","11":"first","12":"instock","13":"purchasable","14":"product-type-simple"},"_links":{"self":[{"href":"https:\/\/eterle.cz\/eshop\/wp-json\/wp\/v2\/product\/18972","targetHints":{"allow":["GET"]}}],"collection":[{"href":"https:\/\/eterle.cz\/eshop\/wp-json\/wp\/v2\/product"}],"about":[{"href":"https:\/\/eterle.cz\/eshop\/wp-json\/wp\/v2\/types\/product"}],"version-history":[{"count":1,"href":"https:\/\/eterle.cz\/eshop\/wp-json\/wp\/v2\/product\/18972\/revisions"}],"predecessor-version":[{"id":26363,"href":"https:\/\/eterle.cz\/eshop\/wp-json\/wp\/v2\/product\/18972\/revisions\/26363"}],"wp:featuredmedia":[{"embeddable":true,"href":"https:\/\/eterle.cz\/eshop\/wp-json\/wp\/v2\/media\/18973"}],"wp:attachment":[{"href":"https:\/\/eterle.cz\/eshop\/wp-json\/wp\/v2\/media?parent=18972"}],"wp:term":[{"taxonomy":"product_brand","embeddable":true,"href":"https:\/\/eterle.cz\/eshop\/wp-json\/wp\/v2\/product_brand?post=18972"},{"taxonomy":"product_cat","embeddable":true,"href":"https:\/\/eterle.cz\/eshop\/wp-json\/wp\/v2\/product_cat?post=18972"},{"taxonomy":"product_tag","embeddable":true,"href":"https:\/\/eterle.cz\/eshop\/wp-json\/wp\/v2\/product_tag?post=18972"}],"curies":[{"name":"wp","href":"https:\/\/api.w.org\/{rel}","templated":true}]}}