{"id":19017,"date":"2024-04-24T22:50:48","date_gmt":"2024-04-24T20:50:48","guid":{"rendered":"https:\/\/eterle.cz\/eshop\/produkt\/grogovka-panek\/"},"modified":"2025-11-16T11:58:30","modified_gmt":"2025-11-16T10:58:30","slug":"grogovka-panek","status":"publish","type":"product","link":"https:\/\/eterle.cz\/eshop\/produkt\/grogovka-panek\/","title":{"rendered":"Grogovka \/ P\u00e1nek"},"content":{"rendered":"<p>Star\u00e1 sklenice tzv. grogovka s motivem cibul\u00e1ku od design\u00e9ra Pavla P\u00e1nka, kter\u00fd byl v dan\u00e9 dob\u011b jeden z nejmlad\u0161\u00edch designer\u016f \u010desk\u00e9ho lisovan\u00e9ho skla. Jeho n\u00e1vrhy byly na prvn\u00ed pohled poznat podle plasti\u010dnost\u00ed a matov\u00e1n\u00ed, p\u0159\u00edpadn\u011b podle polopr\u016fsvitn\u00e9ho povrchu.<\/p>\n<p>P\u00e1nkovo lisovan\u00e9 sklo z\u00edskalo ocen\u011bn\u00ed na n\u011bkolika tuzemsk\u00fdch i zahrani\u010dn\u00edch sout\u011b\u017e\u00edch. Soubor Cibul\u00e1k vznikl na zak\u00e1zku, zadanou porcel\u00e1nkou v Dub\u00ed. Po\u017eadavek byl doplnit k porcel\u00e1nov\u00e9mu servisu i skleni\u010dku. Pavel P\u00e1nek se \u00fakolu chopil s takovou vervou, \u017ee vytvo\u0159il rozs\u00e1hl\u00fd soubor, kter\u00fd \u010d\u00edt\u00e1 celkem 24 kus\u016f.<\/p>\n<p>Stav: dobr\u00fd<br \/>\nZna\u010dka: Pavel P\u00e1nek, Lobochovice<br \/>\nRozm\u011br<br \/>\nV\u00fd\u0161ka: 12 cm<br \/>\nObjem: 200 ml<\/p>\n","protected":false},"excerpt":{"rendered":"<p>Star\u00e1 sklenice tzv. grogovka s motivem cibul\u00e1ku od design\u00e9ra Pavla P\u00e1nka, kter\u00fd byl v dan\u00e9 dob\u011b jeden z nejmlad\u0161\u00edch designer\u016f<\/p>\n","protected":false},"featured_media":19018,"template":"","meta":[],"product_brand":[153],"product_cat":[75,134],"product_tag":[],"class_list":{"0":"post-19017","1":"product","2":"type-product","3":"status-publish","4":"has-post-thumbnail","6":"product_brand-eterle-cz","7":"product_cat-sklo","8":"product_cat-sklenice","10":"first","11":"instock","12":"purchasable","13":"product-type-simple"},"_links":{"self":[{"href":"https:\/\/eterle.cz\/eshop\/wp-json\/wp\/v2\/product\/19017","targetHints":{"allow":["GET"]}}],"collection":[{"href":"https:\/\/eterle.cz\/eshop\/wp-json\/wp\/v2\/product"}],"about":[{"href":"https:\/\/eterle.cz\/eshop\/wp-json\/wp\/v2\/types\/product"}],"version-history":[{"count":1,"href":"https:\/\/eterle.cz\/eshop\/wp-json\/wp\/v2\/product\/19017\/revisions"}],"predecessor-version":[{"id":26361,"href":"https:\/\/eterle.cz\/eshop\/wp-json\/wp\/v2\/product\/19017\/revisions\/26361"}],"wp:featuredmedia":[{"embeddable":true,"href":"https:\/\/eterle.cz\/eshop\/wp-json\/wp\/v2\/media\/19018"}],"wp:attachment":[{"href":"https:\/\/eterle.cz\/eshop\/wp-json\/wp\/v2\/media?parent=19017"}],"wp:term":[{"taxonomy":"product_brand","embeddable":true,"href":"https:\/\/eterle.cz\/eshop\/wp-json\/wp\/v2\/product_brand?post=19017"},{"taxonomy":"product_cat","embeddable":true,"href":"https:\/\/eterle.cz\/eshop\/wp-json\/wp\/v2\/product_cat?post=19017"},{"taxonomy":"product_tag","embeddable":true,"href":"https:\/\/eterle.cz\/eshop\/wp-json\/wp\/v2\/product_tag?post=19017"}],"curies":[{"name":"wp","href":"https:\/\/api.w.org\/{rel}","templated":true}]}}