{"id":19022,"date":"2024-04-24T22:50:59","date_gmt":"2024-04-24T20:50:59","guid":{"rendered":"https:\/\/eterle.cz\/eshop\/produkt\/sklenicka-palma\/"},"modified":"2025-02-16T02:47:32","modified_gmt":"2025-02-16T01:47:32","slug":"sklenicka-palma","status":"publish","type":"product","link":"https:\/\/eterle.cz\/eshop\/produkt\/sklenicka-palma\/","title":{"rendered":"Skleni\u010dka palma"},"content":{"rendered":"<p>V\u00fdst\u0159edn\u00ed skleni\u010dky s palmou na margaritu v\u00e1m spest\u0159\u00ed pobyt v l\u00e9t\u011b na terase a ocitnete se jak v Karibiku ani\u017e byste odlet\u011bli do ciz\u00edch kraj\u016f.<\/p>\n<p>Stav: nov\u00e9<br \/>\nRozm\u011br<br \/>\nV\u00fd\u0161ka: 22,5 cm<br \/>\nObjem: 250 ml<\/p>\n","protected":false},"excerpt":{"rendered":"<p>V\u00fdst\u0159edn\u00ed skleni\u010dky s palmou na margaritu v\u00e1m spest\u0159\u00ed pobyt v l\u00e9t\u011b na terase a ocitnete se jak v Karibiku ani\u017e<\/p>\n","protected":false},"featured_media":19023,"template":"","meta":[],"product_brand":[153],"product_cat":[91],"product_tag":[],"class_list":{"0":"post-19022","1":"product","2":"type-product","3":"status-publish","4":"has-post-thumbnail","6":"product_brand-eterle-cz","7":"product_cat-prodane","8":"product_shipping_class-nadrozmerne","10":"first","11":"outofstock","12":"purchasable","13":"product-type-simple"},"_links":{"self":[{"href":"https:\/\/eterle.cz\/eshop\/wp-json\/wp\/v2\/product\/19022","targetHints":{"allow":["GET"]}}],"collection":[{"href":"https:\/\/eterle.cz\/eshop\/wp-json\/wp\/v2\/product"}],"about":[{"href":"https:\/\/eterle.cz\/eshop\/wp-json\/wp\/v2\/types\/product"}],"version-history":[{"count":0,"href":"https:\/\/eterle.cz\/eshop\/wp-json\/wp\/v2\/product\/19022\/revisions"}],"wp:featuredmedia":[{"embeddable":true,"href":"https:\/\/eterle.cz\/eshop\/wp-json\/wp\/v2\/media\/19023"}],"wp:attachment":[{"href":"https:\/\/eterle.cz\/eshop\/wp-json\/wp\/v2\/media?parent=19022"}],"wp:term":[{"taxonomy":"product_brand","embeddable":true,"href":"https:\/\/eterle.cz\/eshop\/wp-json\/wp\/v2\/product_brand?post=19022"},{"taxonomy":"product_cat","embeddable":true,"href":"https:\/\/eterle.cz\/eshop\/wp-json\/wp\/v2\/product_cat?post=19022"},{"taxonomy":"product_tag","embeddable":true,"href":"https:\/\/eterle.cz\/eshop\/wp-json\/wp\/v2\/product_tag?post=19022"}],"curies":[{"name":"wp","href":"https:\/\/api.w.org\/{rel}","templated":true}]}}