{"id":19027,"date":"2024-04-24T22:51:12","date_gmt":"2024-04-24T20:51:12","guid":{"rendered":"https:\/\/eterle.cz\/eshop\/produkt\/kristalova-miska\/"},"modified":"2025-06-24T01:54:31","modified_gmt":"2025-06-23T23:54:31","slug":"kristalova-miska","status":"publish","type":"product","link":"https:\/\/eterle.cz\/eshop\/produkt\/kristalova-miska\/","title":{"rendered":"K\u0159i\u0161t\u00e1lov\u00e1 miska"},"content":{"rendered":"<p>K\u0159i\u0161\u0165\u00e1lov\u00e1 miska ve tvaru hv\u011bzdy vhodn\u00e1 na serv\u00edrov\u00e1n\u00ed drobn\u00e9ho poho\u0161t\u011bn\u00ed.<\/p>\n<p>Stav: velmi dobr\u00fd<br \/>\nRozm\u011br<br \/>\nV\u00fd\u0161ka: 2,5 cm<br \/>\nPr\u016fm\u011br: 19,5 cm<\/p>\n","protected":false},"excerpt":{"rendered":"<p>K\u0159i\u0161\u0165\u00e1lov\u00e1 miska ve tvaru hv\u011bzdy vhodn\u00e1 na serv\u00edrov\u00e1n\u00ed drobn\u00e9ho poho\u0161t\u011bn\u00ed. Stav: velmi dobr\u00fd Rozm\u011br V\u00fd\u0161ka: 2,5 cm Pr\u016fm\u011br: 19,5 cm<\/p>\n","protected":false},"featured_media":19028,"template":"","meta":[],"product_brand":[153],"product_cat":[75,133],"product_tag":[],"class_list":{"0":"post-19027","1":"product","2":"type-product","3":"status-publish","4":"has-post-thumbnail","6":"product_brand-eterle-cz","7":"product_cat-sklo","8":"product_cat-misy-sklo","10":"first","11":"instock","12":"purchasable","13":"product-type-simple"},"_links":{"self":[{"href":"https:\/\/eterle.cz\/eshop\/wp-json\/wp\/v2\/product\/19027","targetHints":{"allow":["GET"]}}],"collection":[{"href":"https:\/\/eterle.cz\/eshop\/wp-json\/wp\/v2\/product"}],"about":[{"href":"https:\/\/eterle.cz\/eshop\/wp-json\/wp\/v2\/types\/product"}],"version-history":[{"count":1,"href":"https:\/\/eterle.cz\/eshop\/wp-json\/wp\/v2\/product\/19027\/revisions"}],"predecessor-version":[{"id":26360,"href":"https:\/\/eterle.cz\/eshop\/wp-json\/wp\/v2\/product\/19027\/revisions\/26360"}],"wp:featuredmedia":[{"embeddable":true,"href":"https:\/\/eterle.cz\/eshop\/wp-json\/wp\/v2\/media\/19028"}],"wp:attachment":[{"href":"https:\/\/eterle.cz\/eshop\/wp-json\/wp\/v2\/media?parent=19027"}],"wp:term":[{"taxonomy":"product_brand","embeddable":true,"href":"https:\/\/eterle.cz\/eshop\/wp-json\/wp\/v2\/product_brand?post=19027"},{"taxonomy":"product_cat","embeddable":true,"href":"https:\/\/eterle.cz\/eshop\/wp-json\/wp\/v2\/product_cat?post=19027"},{"taxonomy":"product_tag","embeddable":true,"href":"https:\/\/eterle.cz\/eshop\/wp-json\/wp\/v2\/product_tag?post=19027"}],"curies":[{"name":"wp","href":"https:\/\/api.w.org\/{rel}","templated":true}]}}