{"id":19100,"date":"2024-04-24T22:54:04","date_gmt":"2024-04-24T20:54:04","guid":{"rendered":"https:\/\/eterle.cz\/eshop\/produkt\/stojaci-lampa-4\/"},"modified":"2025-06-24T01:54:30","modified_gmt":"2025-06-23T23:54:30","slug":"stojaci-lampa-4","status":"publish","type":"product","link":"https:\/\/eterle.cz\/eshop\/produkt\/stojaci-lampa-4\/","title":{"rendered":"Stojac\u00ed lampa"},"content":{"rendered":"<p>Stojac\u00ed lampa z 60. let minul\u00e9ho stolet\u00ed z \u010ceskoslovenska. Lmp\u011b se d\u00edky jej\u00edmu tvaru p\u0159ezd\u00edv\u00e1 raketa. Velmi zaj\u00edmav\u00fd v\u00fdrazn\u00fd prvek do modern\u00edho u retro interi\u00e9ru.<\/p>\n<p>Stav: dobr\u00fd ; el. p\u016fvodn\u00ed, funk\u010dn\u00ed, ale na jendom m\u00edst\u011b kabel slepovan\u00fd<br \/>\nRozm\u011br<br \/>\nV\u00fd\u0161ka: 146 cm<br \/>\n\u0160\u00ed\u0159ka: 40 cm<\/p>\n","protected":false},"excerpt":{"rendered":"<p>Stojac\u00ed lampa z 60. let minul\u00e9ho stolet\u00ed z \u010ceskoslovenska. Lmp\u011b se d\u00edky jej\u00edmu tvaru p\u0159ezd\u00edv\u00e1 raketa. Velmi zaj\u00edmav\u00fd v\u00fdrazn\u00fd prvek<\/p>\n","protected":false},"featured_media":19101,"template":"","meta":[],"product_brand":[153],"product_cat":[79,142],"product_tag":[],"class_list":{"0":"post-19100","1":"product","2":"type-product","3":"status-publish","4":"has-post-thumbnail","6":"product_brand-eterle-cz","7":"product_cat-svetla","8":"product_cat-stojaci-lampy","9":"product_shipping_class-nadrozmerne","11":"first","12":"instock","13":"purchasable","14":"product-type-simple"},"_links":{"self":[{"href":"https:\/\/eterle.cz\/eshop\/wp-json\/wp\/v2\/product\/19100","targetHints":{"allow":["GET"]}}],"collection":[{"href":"https:\/\/eterle.cz\/eshop\/wp-json\/wp\/v2\/product"}],"about":[{"href":"https:\/\/eterle.cz\/eshop\/wp-json\/wp\/v2\/types\/product"}],"version-history":[{"count":1,"href":"https:\/\/eterle.cz\/eshop\/wp-json\/wp\/v2\/product\/19100\/revisions"}],"predecessor-version":[{"id":26355,"href":"https:\/\/eterle.cz\/eshop\/wp-json\/wp\/v2\/product\/19100\/revisions\/26355"}],"wp:featuredmedia":[{"embeddable":true,"href":"https:\/\/eterle.cz\/eshop\/wp-json\/wp\/v2\/media\/19101"}],"wp:attachment":[{"href":"https:\/\/eterle.cz\/eshop\/wp-json\/wp\/v2\/media?parent=19100"}],"wp:term":[{"taxonomy":"product_brand","embeddable":true,"href":"https:\/\/eterle.cz\/eshop\/wp-json\/wp\/v2\/product_brand?post=19100"},{"taxonomy":"product_cat","embeddable":true,"href":"https:\/\/eterle.cz\/eshop\/wp-json\/wp\/v2\/product_cat?post=19100"},{"taxonomy":"product_tag","embeddable":true,"href":"https:\/\/eterle.cz\/eshop\/wp-json\/wp\/v2\/product_tag?post=19100"}],"curies":[{"name":"wp","href":"https:\/\/api.w.org\/{rel}","templated":true}]}}