{"id":19111,"date":"2024-04-24T22:54:27","date_gmt":"2024-04-24T20:54:27","guid":{"rendered":"https:\/\/eterle.cz\/eshop\/produkt\/stojaci-lampa-j-hurka\/"},"modified":"2026-02-02T15:45:50","modified_gmt":"2026-02-02T14:45:50","slug":"stojaci-lampa-j-hurka","status":"publish","type":"product","link":"https:\/\/eterle.cz\/eshop\/produkt\/stojaci-lampa-j-hurka\/","title":{"rendered":"Stojac\u00ed lampa \/ J. H\u016frka"},"content":{"rendered":"<p>Stojac\u00ed lampa p\u0159ezd\u00edvan\u00e1 Jepti\u0161ka podle tvaru st\u00ednidla od design\u00e9ra Josefa H\u016frky pro Napako.<\/p>\n<p>Stav: dobr\u00fd; st\u00ednidlo na jednom m\u00edst\u011b protr\u017een\u00e9\/poma\u010dkan\u00e9 ; el. p\u016fvodn\u00ed, funk\u010dn\u00ed<br \/>\nZna\u010dka: Josef H\u016frka, Napako<br \/>\nRozm\u011br<br \/>\nV\u00fd\u0161ka: 160 cm<br \/>\nHloubka: 35 cm<\/p>\n","protected":false},"excerpt":{"rendered":"<p>Stojac\u00ed lampa p\u0159ezd\u00edvan\u00e1 Jepti\u0161ka podle tvaru st\u00ednidla od design\u00e9ra Josefa H\u016frky pro Napako. Stav: dobr\u00fd; st\u00ednidlo na jednom m\u00edst\u011b protr\u017een\u00e9\/poma\u010dkan\u00e9<\/p>\n","protected":false},"featured_media":19112,"template":"","meta":[],"product_brand":[153],"product_cat":[91],"product_tag":[],"class_list":{"0":"post-19111","1":"product","2":"type-product","3":"status-publish","4":"has-post-thumbnail","6":"product_brand-eterle-cz","7":"product_cat-prodane","8":"product_shipping_class-nadrozmerne","10":"first","11":"outofstock","12":"purchasable","13":"product-type-simple"},"_links":{"self":[{"href":"https:\/\/eterle.cz\/eshop\/wp-json\/wp\/v2\/product\/19111","targetHints":{"allow":["GET"]}}],"collection":[{"href":"https:\/\/eterle.cz\/eshop\/wp-json\/wp\/v2\/product"}],"about":[{"href":"https:\/\/eterle.cz\/eshop\/wp-json\/wp\/v2\/types\/product"}],"version-history":[{"count":4,"href":"https:\/\/eterle.cz\/eshop\/wp-json\/wp\/v2\/product\/19111\/revisions"}],"predecessor-version":[{"id":33828,"href":"https:\/\/eterle.cz\/eshop\/wp-json\/wp\/v2\/product\/19111\/revisions\/33828"}],"wp:featuredmedia":[{"embeddable":true,"href":"https:\/\/eterle.cz\/eshop\/wp-json\/wp\/v2\/media\/19112"}],"wp:attachment":[{"href":"https:\/\/eterle.cz\/eshop\/wp-json\/wp\/v2\/media?parent=19111"}],"wp:term":[{"taxonomy":"product_brand","embeddable":true,"href":"https:\/\/eterle.cz\/eshop\/wp-json\/wp\/v2\/product_brand?post=19111"},{"taxonomy":"product_cat","embeddable":true,"href":"https:\/\/eterle.cz\/eshop\/wp-json\/wp\/v2\/product_cat?post=19111"},{"taxonomy":"product_tag","embeddable":true,"href":"https:\/\/eterle.cz\/eshop\/wp-json\/wp\/v2\/product_tag?post=19111"}],"curies":[{"name":"wp","href":"https:\/\/api.w.org\/{rel}","templated":true}]}}