{"id":19446,"date":"2024-04-28T23:40:36","date_gmt":"2024-04-28T21:40:36","guid":{"rendered":"https:\/\/eterle.cz\/eshop\/produkt\/lust-opalove-sklo\/"},"modified":"2025-06-24T01:54:29","modified_gmt":"2025-06-23T23:54:29","slug":"lust-opalove-sklo","status":"publish","type":"product","link":"https:\/\/eterle.cz\/eshop\/produkt\/lust-opalove-sklo\/","title":{"rendered":"Lust op\u00e1lov\u00e9 sklo"},"content":{"rendered":"<p>Lustr z op\u00e1lov\u00e9ho skla v zaj\u00edmav\u00e9m neobvykl\u00e9m tvaru, kter\u00fd p\u0159ipom\u00edn\u00e1 kloubouk h\u0159ibu se zdvojen\u00fdm lemem.<\/p>\n<p>Stav: velmi dobr\u00fd; el. p\u016fvodn\u00ed, funk\u010dn\u00ed<br \/>\nRozm\u011br<br \/>\nV\u00fd\u0161ka: 78 cm<br \/>\nV\u00fd\u0161ka ty\u010de: 58 cm<br \/>\nPr\u016fm\u011br: 31 cm<\/p>\n","protected":false},"excerpt":{"rendered":"<p>Lustr z op\u00e1lov\u00e9ho skla v zaj\u00edmav\u00e9m neobvykl\u00e9m tvaru, kter\u00fd p\u0159ipom\u00edn\u00e1 kloubouk h\u0159ibu se zdvojen\u00fdm lemem. Stav: velmi dobr\u00fd; el. p\u016fvodn\u00ed,<\/p>\n","protected":false},"featured_media":19186,"template":"","meta":[],"product_brand":[153],"product_cat":[79,140],"product_tag":[],"class_list":{"0":"post-19446","1":"product","2":"type-product","3":"status-publish","4":"has-post-thumbnail","6":"product_brand-eterle-cz","7":"product_cat-svetla","8":"product_cat-lustry","9":"product_shipping_class-nadrozmerne","11":"first","12":"instock","13":"purchasable","14":"product-type-simple"},"_links":{"self":[{"href":"https:\/\/eterle.cz\/eshop\/wp-json\/wp\/v2\/product\/19446","targetHints":{"allow":["GET"]}}],"collection":[{"href":"https:\/\/eterle.cz\/eshop\/wp-json\/wp\/v2\/product"}],"about":[{"href":"https:\/\/eterle.cz\/eshop\/wp-json\/wp\/v2\/types\/product"}],"version-history":[{"count":1,"href":"https:\/\/eterle.cz\/eshop\/wp-json\/wp\/v2\/product\/19446\/revisions"}],"predecessor-version":[{"id":26350,"href":"https:\/\/eterle.cz\/eshop\/wp-json\/wp\/v2\/product\/19446\/revisions\/26350"}],"wp:featuredmedia":[{"embeddable":true,"href":"https:\/\/eterle.cz\/eshop\/wp-json\/wp\/v2\/media\/19186"}],"wp:attachment":[{"href":"https:\/\/eterle.cz\/eshop\/wp-json\/wp\/v2\/media?parent=19446"}],"wp:term":[{"taxonomy":"product_brand","embeddable":true,"href":"https:\/\/eterle.cz\/eshop\/wp-json\/wp\/v2\/product_brand?post=19446"},{"taxonomy":"product_cat","embeddable":true,"href":"https:\/\/eterle.cz\/eshop\/wp-json\/wp\/v2\/product_cat?post=19446"},{"taxonomy":"product_tag","embeddable":true,"href":"https:\/\/eterle.cz\/eshop\/wp-json\/wp\/v2\/product_tag?post=19446"}],"curies":[{"name":"wp","href":"https:\/\/api.w.org\/{rel}","templated":true}]}}