{"id":19447,"date":"2024-04-28T23:40:43","date_gmt":"2024-04-28T21:40:43","guid":{"rendered":"https:\/\/eterle.cz\/eshop\/produkt\/lustr-obri-koule\/"},"modified":"2025-02-16T02:46:36","modified_gmt":"2025-02-16T01:46:36","slug":"lustr-obri-koule","status":"publish","type":"product","link":"https:\/\/eterle.cz\/eshop\/produkt\/lustr-obri-koule\/","title":{"rendered":"Lustr ob\u0159\u00ed koule"},"content":{"rendered":"<p>Ob\u0159\u00ed sklen\u011bn\u00e1 koule z op\u00e1lov\u00e9ho skla na zlat\u00e9m \u0159et\u011bzu. Elegantn\u00ed, jednoduch\u00fd p\u0159esto d\u00edky sv\u00e9 velikosti velmi efektn\u00ed lustr, kter\u00fd se hod\u00ed zejm\u00e9na do haly.<\/p>\n<p>Stav: velmi dobr\u00fd; el. p\u016fvodn\u00ed, funk\u010dn\u00ed<br \/>\nRozm\u011br<br \/>\nV\u00fd\u0161ka: 102 cm<br \/>\nV\u00fd\u0161ka \u0159et\u011bzu: 64 cm<br \/>\nPr\u016fm\u011br: 39 cm<\/p>\n","protected":false},"excerpt":{"rendered":"<p>Ob\u0159\u00ed sklen\u011bn\u00e1 koule z op\u00e1lov\u00e9ho skla na zlat\u00e9m \u0159et\u011bzu. Elegantn\u00ed, jednoduch\u00fd p\u0159esto d\u00edky sv\u00e9 velikosti velmi efektn\u00ed lustr, kter\u00fd se<\/p>\n","protected":false},"featured_media":19192,"template":"","meta":[],"product_brand":[153],"product_cat":[91],"product_tag":[],"class_list":{"0":"post-19447","1":"product","2":"type-product","3":"status-publish","4":"has-post-thumbnail","6":"product_brand-eterle-cz","7":"product_cat-prodane","8":"product_shipping_class-nadrozmerne","10":"first","11":"outofstock","12":"purchasable","13":"product-type-simple"},"_links":{"self":[{"href":"https:\/\/eterle.cz\/eshop\/wp-json\/wp\/v2\/product\/19447","targetHints":{"allow":["GET"]}}],"collection":[{"href":"https:\/\/eterle.cz\/eshop\/wp-json\/wp\/v2\/product"}],"about":[{"href":"https:\/\/eterle.cz\/eshop\/wp-json\/wp\/v2\/types\/product"}],"version-history":[{"count":0,"href":"https:\/\/eterle.cz\/eshop\/wp-json\/wp\/v2\/product\/19447\/revisions"}],"wp:featuredmedia":[{"embeddable":true,"href":"https:\/\/eterle.cz\/eshop\/wp-json\/wp\/v2\/media\/19192"}],"wp:attachment":[{"href":"https:\/\/eterle.cz\/eshop\/wp-json\/wp\/v2\/media?parent=19447"}],"wp:term":[{"taxonomy":"product_brand","embeddable":true,"href":"https:\/\/eterle.cz\/eshop\/wp-json\/wp\/v2\/product_brand?post=19447"},{"taxonomy":"product_cat","embeddable":true,"href":"https:\/\/eterle.cz\/eshop\/wp-json\/wp\/v2\/product_cat?post=19447"},{"taxonomy":"product_tag","embeddable":true,"href":"https:\/\/eterle.cz\/eshop\/wp-json\/wp\/v2\/product_tag?post=19447"}],"curies":[{"name":"wp","href":"https:\/\/api.w.org\/{rel}","templated":true}]}}