{"id":19448,"date":"2024-04-28T23:40:48","date_gmt":"2024-04-28T21:40:48","guid":{"rendered":"https:\/\/eterle.cz\/eshop\/produkt\/lustr-9\/"},"modified":"2025-02-16T02:46:36","modified_gmt":"2025-02-16T01:46:36","slug":"lustr-9","status":"publish","type":"product","link":"https:\/\/eterle.cz\/eshop\/produkt\/lustr-9\/","title":{"rendered":"Lustr"},"content":{"rendered":"<p>Velk\u00fd lustr z matn\u00e9ho op\u00e1lov\u00e9ho skla na zlat\u00e9m \u0159et\u011bzu.<\/p>\n<p>Stav: velmi dobr\u00fd; el. nov\u00e1<br \/>\nRozm\u011br<br \/>\nV\u00fd\u0161ka: 75 cm<br \/>\nV\u00fd\u0161ka \u0159et\u011bzu: 53 cm<br \/>\nPr\u016fm\u011br: 37 cm<\/p>\n","protected":false},"excerpt":{"rendered":"<p>Velk\u00fd lustr z matn\u00e9ho op\u00e1lov\u00e9ho skla na zlat\u00e9m \u0159et\u011bzu. Stav: velmi dobr\u00fd; el. nov\u00e1 Rozm\u011br V\u00fd\u0161ka: 75 cm V\u00fd\u0161ka \u0159et\u011bzu:<\/p>\n","protected":false},"featured_media":19198,"template":"","meta":[],"product_brand":[153],"product_cat":[91],"product_tag":[],"class_list":{"0":"post-19448","1":"product","2":"type-product","3":"status-publish","4":"has-post-thumbnail","6":"product_brand-eterle-cz","7":"product_cat-prodane","8":"product_shipping_class-nadrozmerne","10":"first","11":"outofstock","12":"purchasable","13":"product-type-simple"},"_links":{"self":[{"href":"https:\/\/eterle.cz\/eshop\/wp-json\/wp\/v2\/product\/19448","targetHints":{"allow":["GET"]}}],"collection":[{"href":"https:\/\/eterle.cz\/eshop\/wp-json\/wp\/v2\/product"}],"about":[{"href":"https:\/\/eterle.cz\/eshop\/wp-json\/wp\/v2\/types\/product"}],"version-history":[{"count":0,"href":"https:\/\/eterle.cz\/eshop\/wp-json\/wp\/v2\/product\/19448\/revisions"}],"wp:featuredmedia":[{"embeddable":true,"href":"https:\/\/eterle.cz\/eshop\/wp-json\/wp\/v2\/media\/19198"}],"wp:attachment":[{"href":"https:\/\/eterle.cz\/eshop\/wp-json\/wp\/v2\/media?parent=19448"}],"wp:term":[{"taxonomy":"product_brand","embeddable":true,"href":"https:\/\/eterle.cz\/eshop\/wp-json\/wp\/v2\/product_brand?post=19448"},{"taxonomy":"product_cat","embeddable":true,"href":"https:\/\/eterle.cz\/eshop\/wp-json\/wp\/v2\/product_cat?post=19448"},{"taxonomy":"product_tag","embeddable":true,"href":"https:\/\/eterle.cz\/eshop\/wp-json\/wp\/v2\/product_tag?post=19448"}],"curies":[{"name":"wp","href":"https:\/\/api.w.org\/{rel}","templated":true}]}}