{"id":19449,"date":"2024-04-28T23:40:53","date_gmt":"2024-04-28T21:40:53","guid":{"rendered":"https:\/\/eterle.cz\/eshop\/produkt\/lustr-art-deco-2\/"},"modified":"2025-02-16T02:46:36","modified_gmt":"2025-02-16T01:46:36","slug":"lustr-art-deco-2","status":"publish","type":"product","link":"https:\/\/eterle.cz\/eshop\/produkt\/lustr-art-deco-2\/","title":{"rendered":"Lustr Art deco"},"content":{"rendered":"<p>Art deco lustr v b\u00e9\u017eov\u00e9 barv\u011b s \u0161ed\u00fdmi plastick\u00fdmi pruhy. St\u00ednidlo je zav\u011b\u0161en\u00e9 na zlat\u00e9m \u0159et\u011bzu a je vhodn\u00e9 zejm\u00e9na do chodby.<\/p>\n<p>Stav: dobr\u00fd  s patinou; el. p\u016fvodn\u00ed, funk\u010dn\u00ed<br \/>\nRozm\u011br<br \/>\nV\u00fd\u0161ka: 70 cm<br \/>\nV\u00fd\u0161ka \u0159et\u011bzu: 40 cm<br \/>\nPr\u016fm\u011br: 24 cm<\/p>\n","protected":false},"excerpt":{"rendered":"<p>Art deco lustr v b\u00e9\u017eov\u00e9 barv\u011b s \u0161ed\u00fdmi plastick\u00fdmi pruhy. St\u00ednidlo je zav\u011b\u0161en\u00e9 na zlat\u00e9m \u0159et\u011bzu a je vhodn\u00e9 zejm\u00e9na<\/p>\n","protected":false},"featured_media":19205,"template":"","meta":[],"product_brand":[153],"product_cat":[91],"product_tag":[],"class_list":{"0":"post-19449","1":"product","2":"type-product","3":"status-publish","4":"has-post-thumbnail","6":"product_brand-eterle-cz","7":"product_cat-prodane","8":"product_shipping_class-nadrozmerne","10":"first","11":"outofstock","12":"purchasable","13":"product-type-simple"},"_links":{"self":[{"href":"https:\/\/eterle.cz\/eshop\/wp-json\/wp\/v2\/product\/19449","targetHints":{"allow":["GET"]}}],"collection":[{"href":"https:\/\/eterle.cz\/eshop\/wp-json\/wp\/v2\/product"}],"about":[{"href":"https:\/\/eterle.cz\/eshop\/wp-json\/wp\/v2\/types\/product"}],"version-history":[{"count":0,"href":"https:\/\/eterle.cz\/eshop\/wp-json\/wp\/v2\/product\/19449\/revisions"}],"wp:featuredmedia":[{"embeddable":true,"href":"https:\/\/eterle.cz\/eshop\/wp-json\/wp\/v2\/media\/19205"}],"wp:attachment":[{"href":"https:\/\/eterle.cz\/eshop\/wp-json\/wp\/v2\/media?parent=19449"}],"wp:term":[{"taxonomy":"product_brand","embeddable":true,"href":"https:\/\/eterle.cz\/eshop\/wp-json\/wp\/v2\/product_brand?post=19449"},{"taxonomy":"product_cat","embeddable":true,"href":"https:\/\/eterle.cz\/eshop\/wp-json\/wp\/v2\/product_cat?post=19449"},{"taxonomy":"product_tag","embeddable":true,"href":"https:\/\/eterle.cz\/eshop\/wp-json\/wp\/v2\/product_tag?post=19449"}],"curies":[{"name":"wp","href":"https:\/\/api.w.org\/{rel}","templated":true}]}}