{"id":19450,"date":"2024-04-28T23:40:58","date_gmt":"2024-04-28T21:40:58","guid":{"rendered":"https:\/\/eterle.cz\/eshop\/produkt\/lustr-napako-2\/"},"modified":"2025-06-24T01:54:28","modified_gmt":"2025-06-23T23:54:28","slug":"lustr-napako-2","status":"publish","type":"product","link":"https:\/\/eterle.cz\/eshop\/produkt\/lustr-napako-2\/","title":{"rendered":"Lustr \/ Napako"},"content":{"rendered":"<p>Zaj\u00edmav\u00fd lustr v kombinaci op\u00e1lov\u00e9ho skla a mosazi od Napaka poch\u00e1z\u00ed z 50. let minul\u00e9ho stolet\u00ed. Vyd\u00e1v\u00e1 hezk\u00e9 rozpt\u00fdlen\u00e9 sv\u011btlo. Hezk\u00fd efekt vytvo\u0159\u00ed zav\u011b\u0161en\u00ed v\u00e1ce lustr\u016f vedle sebe nap\u0159. nad kuchy\u0148sk\u00fd st\u016fl nebo nad ostr\u016fvek.<\/p>\n<p>Stav: velmi dobr\u00fd, jen ty\u010d nese zn\u00e1mky patiny; el. p\u016fvodn\u00ed, funk\u010dn\u00ed<br \/>\nZna\u010dka: Napako<br \/>\nRozm\u011br<br \/>\nV\u00fd\u0161ka: 82 cm<br \/>\nV\u00fd\u0161ka ty\u010de: 58 cm<br \/>\nPr\u016fm\u011br: 42 cm<\/p>\n","protected":false},"excerpt":{"rendered":"<p>Zaj\u00edmav\u00fd lustr v kombinaci op\u00e1lov\u00e9ho skla a mosazi od Napaka poch\u00e1z\u00ed z 50. let minul\u00e9ho stolet\u00ed. Vyd\u00e1v\u00e1 hezk\u00e9 rozpt\u00fdlen\u00e9 sv\u011btlo.<\/p>\n","protected":false},"featured_media":19214,"template":"","meta":[],"product_brand":[153],"product_cat":[79,140],"product_tag":[],"class_list":{"0":"post-19450","1":"product","2":"type-product","3":"status-publish","4":"has-post-thumbnail","6":"product_brand-eterle-cz","7":"product_cat-svetla","8":"product_cat-lustry","9":"product_shipping_class-nadrozmerne","11":"first","12":"instock","13":"purchasable","14":"product-type-simple"},"_links":{"self":[{"href":"https:\/\/eterle.cz\/eshop\/wp-json\/wp\/v2\/product\/19450","targetHints":{"allow":["GET"]}}],"collection":[{"href":"https:\/\/eterle.cz\/eshop\/wp-json\/wp\/v2\/product"}],"about":[{"href":"https:\/\/eterle.cz\/eshop\/wp-json\/wp\/v2\/types\/product"}],"version-history":[{"count":2,"href":"https:\/\/eterle.cz\/eshop\/wp-json\/wp\/v2\/product\/19450\/revisions"}],"predecessor-version":[{"id":26349,"href":"https:\/\/eterle.cz\/eshop\/wp-json\/wp\/v2\/product\/19450\/revisions\/26349"}],"wp:featuredmedia":[{"embeddable":true,"href":"https:\/\/eterle.cz\/eshop\/wp-json\/wp\/v2\/media\/19214"}],"wp:attachment":[{"href":"https:\/\/eterle.cz\/eshop\/wp-json\/wp\/v2\/media?parent=19450"}],"wp:term":[{"taxonomy":"product_brand","embeddable":true,"href":"https:\/\/eterle.cz\/eshop\/wp-json\/wp\/v2\/product_brand?post=19450"},{"taxonomy":"product_cat","embeddable":true,"href":"https:\/\/eterle.cz\/eshop\/wp-json\/wp\/v2\/product_cat?post=19450"},{"taxonomy":"product_tag","embeddable":true,"href":"https:\/\/eterle.cz\/eshop\/wp-json\/wp\/v2\/product_tag?post=19450"}],"curies":[{"name":"wp","href":"https:\/\/api.w.org\/{rel}","templated":true}]}}