{"id":19452,"date":"2024-04-28T23:41:21","date_gmt":"2024-04-28T21:41:21","guid":{"rendered":"https:\/\/eterle.cz\/eshop\/produkt\/lustr-talir-8\/"},"modified":"2025-02-16T02:46:35","modified_gmt":"2025-02-16T01:46:35","slug":"lustr-talir-8","status":"publish","type":"product","link":"https:\/\/eterle.cz\/eshop\/produkt\/lustr-talir-8\/","title":{"rendered":"Lustr tal\u00ed\u0159"},"content":{"rendered":"<p>Retro lustr &#8222;tal\u00ed\u0159&#8220; v bruselsk\u00e9m stylu z 60 let. Sklen\u011bn\u00e9 st\u00ednidlo s modr\u00fdmi velk\u00fdmi kv\u011bty.<\/p>\n<p>Stav: dobr\u00fd; el. nov\u00e1<br \/>\nRozm\u011br<br \/>\nV\u00fd\u0161ka: 51 cm<br \/>\nV\u00fd\u0161ka ty\u010de: 45 cm<br \/>\nPr\u016fm\u011br: 49,5  cm<\/p>\n","protected":false},"excerpt":{"rendered":"<p>Retro lustr &#8222;tal\u00ed\u0159&#8220; v bruselsk\u00e9m stylu z 60 let. Sklen\u011bn\u00e9 st\u00ednidlo s modr\u00fdmi velk\u00fdmi kv\u011bty. Stav: dobr\u00fd; el. nov\u00e1 Rozm\u011br<\/p>\n","protected":false},"featured_media":19229,"template":"","meta":[],"product_brand":[153],"product_cat":[91],"product_tag":[],"class_list":{"0":"post-19452","1":"product","2":"type-product","3":"status-publish","4":"has-post-thumbnail","6":"product_brand-eterle-cz","7":"product_cat-prodane","8":"product_shipping_class-nadrozmerne","10":"first","11":"outofstock","12":"purchasable","13":"product-type-simple"},"_links":{"self":[{"href":"https:\/\/eterle.cz\/eshop\/wp-json\/wp\/v2\/product\/19452","targetHints":{"allow":["GET"]}}],"collection":[{"href":"https:\/\/eterle.cz\/eshop\/wp-json\/wp\/v2\/product"}],"about":[{"href":"https:\/\/eterle.cz\/eshop\/wp-json\/wp\/v2\/types\/product"}],"version-history":[{"count":0,"href":"https:\/\/eterle.cz\/eshop\/wp-json\/wp\/v2\/product\/19452\/revisions"}],"wp:featuredmedia":[{"embeddable":true,"href":"https:\/\/eterle.cz\/eshop\/wp-json\/wp\/v2\/media\/19229"}],"wp:attachment":[{"href":"https:\/\/eterle.cz\/eshop\/wp-json\/wp\/v2\/media?parent=19452"}],"wp:term":[{"taxonomy":"product_brand","embeddable":true,"href":"https:\/\/eterle.cz\/eshop\/wp-json\/wp\/v2\/product_brand?post=19452"},{"taxonomy":"product_cat","embeddable":true,"href":"https:\/\/eterle.cz\/eshop\/wp-json\/wp\/v2\/product_cat?post=19452"},{"taxonomy":"product_tag","embeddable":true,"href":"https:\/\/eterle.cz\/eshop\/wp-json\/wp\/v2\/product_tag?post=19452"}],"curies":[{"name":"wp","href":"https:\/\/api.w.org\/{rel}","templated":true}]}}