{"id":19453,"date":"2024-04-28T23:41:31","date_gmt":"2024-04-28T21:41:31","guid":{"rendered":"https:\/\/eterle.cz\/eshop\/produkt\/lustr-ufo-napako\/"},"modified":"2025-02-16T02:46:34","modified_gmt":"2025-02-16T01:46:34","slug":"lustr-ufo-napako","status":"publish","type":"product","link":"https:\/\/eterle.cz\/eshop\/produkt\/lustr-ufo-napako\/","title":{"rendered":"Lustr Ufo \/ Napako"},"content":{"rendered":"<p>Ikonick\u00fd lustr &#8222;ufo&#8220; od v\u00fdrobce Napako poch\u00e1z\u00ed z obdob\u00ed funkcionalismu, 30. l\u00e9ta. Byl zhotoven dle n\u00e1vrhu Josefa H\u016frky, kter\u00fd navrhl za svou kari\u00e9ru n\u011bkolik ikonick\u00fdch sv\u00edtidel.<\/p>\n<p>Stav: dobr\u00fd, vnit\u0159n\u00ed hrana lustru u spoje se sklem nese zn\u00e1mky v\u011bt\u0161\u00ed koroze; el. p\u016fvodn\u00ed, funk\u010dn\u00ed<br \/>\nZna\u010dka: Napako, Josef H\u016frka<br \/>\nRozm\u011br<br \/>\nV\u00fd\u0161ka: 75 cm<br \/>\nV\u00fd\u0161ka ty\u010de: 65 cm<br \/>\nPr\u016fm\u011br: 54 cm<\/p>\n","protected":false},"excerpt":{"rendered":"<p>Ikonick\u00fd lustr &#8222;ufo&#8220; od v\u00fdrobce Napako poch\u00e1z\u00ed z obdob\u00ed funkcionalismu, 30. l\u00e9ta. Byl zhotoven dle n\u00e1vrhu Josefa H\u016frky, kter\u00fd navrhl<\/p>\n","protected":false},"featured_media":19236,"template":"","meta":[],"product_brand":[153],"product_cat":[91],"product_tag":[],"class_list":{"0":"post-19453","1":"product","2":"type-product","3":"status-publish","4":"has-post-thumbnail","6":"product_brand-eterle-cz","7":"product_cat-prodane","8":"product_shipping_class-nadrozmerne","10":"first","11":"outofstock","12":"purchasable","13":"product-type-simple"},"_links":{"self":[{"href":"https:\/\/eterle.cz\/eshop\/wp-json\/wp\/v2\/product\/19453","targetHints":{"allow":["GET"]}}],"collection":[{"href":"https:\/\/eterle.cz\/eshop\/wp-json\/wp\/v2\/product"}],"about":[{"href":"https:\/\/eterle.cz\/eshop\/wp-json\/wp\/v2\/types\/product"}],"version-history":[{"count":0,"href":"https:\/\/eterle.cz\/eshop\/wp-json\/wp\/v2\/product\/19453\/revisions"}],"wp:featuredmedia":[{"embeddable":true,"href":"https:\/\/eterle.cz\/eshop\/wp-json\/wp\/v2\/media\/19236"}],"wp:attachment":[{"href":"https:\/\/eterle.cz\/eshop\/wp-json\/wp\/v2\/media?parent=19453"}],"wp:term":[{"taxonomy":"product_brand","embeddable":true,"href":"https:\/\/eterle.cz\/eshop\/wp-json\/wp\/v2\/product_brand?post=19453"},{"taxonomy":"product_cat","embeddable":true,"href":"https:\/\/eterle.cz\/eshop\/wp-json\/wp\/v2\/product_cat?post=19453"},{"taxonomy":"product_tag","embeddable":true,"href":"https:\/\/eterle.cz\/eshop\/wp-json\/wp\/v2\/product_tag?post=19453"}],"curies":[{"name":"wp","href":"https:\/\/api.w.org\/{rel}","templated":true}]}}