{"id":19455,"date":"2024-04-28T23:41:42","date_gmt":"2024-04-28T21:41:42","guid":{"rendered":"https:\/\/eterle.cz\/eshop\/produkt\/lustr-tri-ramenny\/"},"modified":"2025-02-16T02:46:34","modified_gmt":"2025-02-16T01:46:34","slug":"lustr-tri-ramenny","status":"publish","type":"product","link":"https:\/\/eterle.cz\/eshop\/produkt\/lustr-tri-ramenny\/","title":{"rendered":"Lustr t\u0159\u00ed ramenn\u00fd"},"content":{"rendered":"<p>T\u0159\u00ed ram\u011bnn\u00fd kovo\u00fd lustr se sklem\u011bm\u00fd,i st\u00ednidly v op\u00e1ov\u00e9 barv\u011b z obdob\u00ed 70.- 80. let minul\u00e9ho stolet\u00ed.<\/p>\n<p>Stav: velmi dobr\u00fd; el. nov\u00e1<br \/>\nRozm\u011br<br \/>\nV\u00fd\u0161ka: 70 cm<br \/>\nV\u00fd\u0161ka ty\u010de: 43 cm<br \/>\nPr\u016fm\u011br: 41 cm<\/p>\n","protected":false},"excerpt":{"rendered":"<p>T\u0159\u00ed ram\u011bnn\u00fd kovo\u00fd lustr se sklem\u011bm\u00fd,i st\u00ednidly v op\u00e1ov\u00e9 barv\u011b z obdob\u00ed 70.- 80. let minul\u00e9ho stolet\u00ed. Stav: velmi dobr\u00fd;<\/p>\n","protected":false},"featured_media":19249,"template":"","meta":[],"product_brand":[153],"product_cat":[91],"product_tag":[],"class_list":{"0":"post-19455","1":"product","2":"type-product","3":"status-publish","4":"has-post-thumbnail","6":"product_brand-eterle-cz","7":"product_cat-prodane","8":"product_shipping_class-nadrozmerne","10":"first","11":"outofstock","12":"purchasable","13":"product-type-simple"},"_links":{"self":[{"href":"https:\/\/eterle.cz\/eshop\/wp-json\/wp\/v2\/product\/19455","targetHints":{"allow":["GET"]}}],"collection":[{"href":"https:\/\/eterle.cz\/eshop\/wp-json\/wp\/v2\/product"}],"about":[{"href":"https:\/\/eterle.cz\/eshop\/wp-json\/wp\/v2\/types\/product"}],"version-history":[{"count":0,"href":"https:\/\/eterle.cz\/eshop\/wp-json\/wp\/v2\/product\/19455\/revisions"}],"wp:featuredmedia":[{"embeddable":true,"href":"https:\/\/eterle.cz\/eshop\/wp-json\/wp\/v2\/media\/19249"}],"wp:attachment":[{"href":"https:\/\/eterle.cz\/eshop\/wp-json\/wp\/v2\/media?parent=19455"}],"wp:term":[{"taxonomy":"product_brand","embeddable":true,"href":"https:\/\/eterle.cz\/eshop\/wp-json\/wp\/v2\/product_brand?post=19455"},{"taxonomy":"product_cat","embeddable":true,"href":"https:\/\/eterle.cz\/eshop\/wp-json\/wp\/v2\/product_cat?post=19455"},{"taxonomy":"product_tag","embeddable":true,"href":"https:\/\/eterle.cz\/eshop\/wp-json\/wp\/v2\/product_tag?post=19455"}],"curies":[{"name":"wp","href":"https:\/\/api.w.org\/{rel}","templated":true}]}}