{"id":19457,"date":"2024-04-28T23:41:55","date_gmt":"2024-04-28T21:41:55","guid":{"rendered":"https:\/\/eterle.cz\/eshop\/produkt\/stropni-lustr\/"},"modified":"2025-06-24T01:54:28","modified_gmt":"2025-06-23T23:54:28","slug":"stropni-lustr","status":"publish","type":"product","link":"https:\/\/eterle.cz\/eshop\/produkt\/stropni-lustr\/","title":{"rendered":"Stropn\u00ed lustr"},"content":{"rendered":"<p>U tohoto lustru se n\u00e1m sice nepoda\u0159ilo dohledat p\u016fvod, ale je naprosto unik\u00e1tn\u00ed. Velk\u00fd stropn\u00ed lustr v kombinaci mosazi a n\u011bkolika mal\u00fdch koul\u00ed z op\u00e1lov\u00e9ho skla, kter\u00e9 tvo\u0159\u00ed nepravideln\u00e9 hv\u011bzdice.<\/p>\n<p>Stav: perfektn\u00ed; el. p\u016fvodn\u00ed, funk\u010dn\u00ed<br \/>\nRozm\u011br<br \/>\nV\u00fd\u0161ka: 26 cm<br \/>\nPr\u016fm\u011br: 69 cm<\/p>\n","protected":false},"excerpt":{"rendered":"<p>U tohoto lustru se n\u00e1m sice nepoda\u0159ilo dohledat p\u016fvod, ale je naprosto unik\u00e1tn\u00ed. Velk\u00fd stropn\u00ed lustr v kombinaci mosazi a<\/p>\n","protected":false},"featured_media":19263,"template":"","meta":[],"product_brand":[153],"product_cat":[79,140],"product_tag":[],"class_list":{"0":"post-19457","1":"product","2":"type-product","3":"status-publish","4":"has-post-thumbnail","6":"product_brand-eterle-cz","7":"product_cat-svetla","8":"product_cat-lustry","9":"product_shipping_class-nadrozmerne","11":"first","12":"instock","13":"purchasable","14":"product-type-simple"},"_links":{"self":[{"href":"https:\/\/eterle.cz\/eshop\/wp-json\/wp\/v2\/product\/19457","targetHints":{"allow":["GET"]}}],"collection":[{"href":"https:\/\/eterle.cz\/eshop\/wp-json\/wp\/v2\/product"}],"about":[{"href":"https:\/\/eterle.cz\/eshop\/wp-json\/wp\/v2\/types\/product"}],"version-history":[{"count":1,"href":"https:\/\/eterle.cz\/eshop\/wp-json\/wp\/v2\/product\/19457\/revisions"}],"predecessor-version":[{"id":26346,"href":"https:\/\/eterle.cz\/eshop\/wp-json\/wp\/v2\/product\/19457\/revisions\/26346"}],"wp:featuredmedia":[{"embeddable":true,"href":"https:\/\/eterle.cz\/eshop\/wp-json\/wp\/v2\/media\/19263"}],"wp:attachment":[{"href":"https:\/\/eterle.cz\/eshop\/wp-json\/wp\/v2\/media?parent=19457"}],"wp:term":[{"taxonomy":"product_brand","embeddable":true,"href":"https:\/\/eterle.cz\/eshop\/wp-json\/wp\/v2\/product_brand?post=19457"},{"taxonomy":"product_cat","embeddable":true,"href":"https:\/\/eterle.cz\/eshop\/wp-json\/wp\/v2\/product_cat?post=19457"},{"taxonomy":"product_tag","embeddable":true,"href":"https:\/\/eterle.cz\/eshop\/wp-json\/wp\/v2\/product_tag?post=19457"}],"curies":[{"name":"wp","href":"https:\/\/api.w.org\/{rel}","templated":true}]}}