{"id":19458,"date":"2024-04-28T23:42:00","date_gmt":"2024-04-28T21:42:00","guid":{"rendered":"https:\/\/eterle.cz\/eshop\/produkt\/funkcionalisticky-stul-2\/"},"modified":"2025-06-24T01:54:28","modified_gmt":"2025-06-23T23:54:28","slug":"funkcionalisticky-stul-2","status":"publish","type":"product","link":"https:\/\/eterle.cz\/eshop\/produkt\/funkcionalisticky-stul-2\/","title":{"rendered":"Funkcionalistick\u00fd st\u016fl"},"content":{"rendered":"<p>Funkcionalistick\u00fd odkl\u00e1dac\u00ed stolek z obdob\u00ed 30.-40. let minul\u00e9ho stolet\u00ed od design\u00e9ra Marcelau Brauera.<\/p>\n<p>Stav: dobr\u00fd s m\u00edrn\u00fdmi vadami &#8211; na jedn\u00e9 hran\u011b je kousek od\u0161t\u00edpl\u00e9 d\u00fdhy; deska nese zn\u00e1mky patiny a kov se zn\u00e1mkami koroze<br \/>\nZna\u010dka: Marcel Breuer<br \/>\nRozm\u011br<br \/>\nV\u00fd\u0161ka: 71 cm<br \/>\n\u0160\u00ed\u0159ka: 75 cm<br \/>\nHloubka: 46 cm<\/p>\n","protected":false},"excerpt":{"rendered":"<p>Funkcionalistick\u00fd odkl\u00e1dac\u00ed stolek z obdob\u00ed 30.-40. let minul\u00e9ho stolet\u00ed od design\u00e9ra Marcelau Brauera. Stav: dobr\u00fd s m\u00edrn\u00fdmi vadami &#8211; na<\/p>\n","protected":false},"featured_media":19275,"template":"","meta":[],"product_brand":[153],"product_cat":[130,124],"product_tag":[],"class_list":{"0":"post-19458","1":"product","2":"type-product","3":"status-publish","4":"has-post-thumbnail","6":"product_brand-eterle-cz","7":"product_cat-nabytek","8":"product_cat-stoly","9":"product_shipping_class-nadrozmerne","11":"first","12":"instock","13":"purchasable","14":"product-type-simple"},"_links":{"self":[{"href":"https:\/\/eterle.cz\/eshop\/wp-json\/wp\/v2\/product\/19458","targetHints":{"allow":["GET"]}}],"collection":[{"href":"https:\/\/eterle.cz\/eshop\/wp-json\/wp\/v2\/product"}],"about":[{"href":"https:\/\/eterle.cz\/eshop\/wp-json\/wp\/v2\/types\/product"}],"version-history":[{"count":1,"href":"https:\/\/eterle.cz\/eshop\/wp-json\/wp\/v2\/product\/19458\/revisions"}],"predecessor-version":[{"id":26345,"href":"https:\/\/eterle.cz\/eshop\/wp-json\/wp\/v2\/product\/19458\/revisions\/26345"}],"wp:featuredmedia":[{"embeddable":true,"href":"https:\/\/eterle.cz\/eshop\/wp-json\/wp\/v2\/media\/19275"}],"wp:attachment":[{"href":"https:\/\/eterle.cz\/eshop\/wp-json\/wp\/v2\/media?parent=19458"}],"wp:term":[{"taxonomy":"product_brand","embeddable":true,"href":"https:\/\/eterle.cz\/eshop\/wp-json\/wp\/v2\/product_brand?post=19458"},{"taxonomy":"product_cat","embeddable":true,"href":"https:\/\/eterle.cz\/eshop\/wp-json\/wp\/v2\/product_cat?post=19458"},{"taxonomy":"product_tag","embeddable":true,"href":"https:\/\/eterle.cz\/eshop\/wp-json\/wp\/v2\/product_tag?post=19458"}],"curies":[{"name":"wp","href":"https:\/\/api.w.org\/{rel}","templated":true}]}}