{"id":19459,"date":"2024-04-28T23:42:09","date_gmt":"2024-04-28T21:42:09","guid":{"rendered":"https:\/\/eterle.cz\/eshop\/produkt\/nocni-stolek-3\/"},"modified":"2025-10-04T23:15:11","modified_gmt":"2025-10-04T21:15:11","slug":"nocni-stolek-3","status":"publish","type":"product","link":"https:\/\/eterle.cz\/eshop\/produkt\/nocni-stolek-3\/","title":{"rendered":"No\u010dn\u00ed stolek"},"content":{"rendered":"<p>Staro\u017eit\u00fd no\u010dn\u00ed stolek na vy\u0161\u0161\u00edch no\u017ei\u010dk\u00e1ch s kazetov\u00fdm zdoben\u00edm dv\u00ed\u0159ek a kr\u00e1sn\u00fdm \u00fachytem. Stolek uvnit\u0159 skr\u00fdv\u00e1 je\u0161t\u011b \u0161upl\u00ed\u010dek na drobnosti. Krom klasick\u00e9ho vyu\u017eit\u00ed vedle postele, jej m\u016f\u017eete d\u00e1t i do chodby nebo kamkoliv, kde v\u00e1m sch\u00e1z\u00ed neobvykl\u00fd odkl\u00e1dac\u00ed stolek.<\/p>\n<p>Do pozn\u00e1mky uve\u010fte, zda m\u00e1te z\u00e1jem o otv\u00edr\u00e1n\u00ed doprava \u010di doleva<\/p>\n<p>Stav: p\u016fvodn\u00ed zachoval\u00fd, uvnit\u0159 kola od vody; na horn\u00ed desce chyb\u00ed sklo a na jednom stolku je nahrazeno umakartem<br \/>\nRozm\u011br<br \/>\nV\u00fd\u0161ka: 73 cm<br \/>\n\u0160\u00ed\u0159ka: 47 cm<br \/>\nHloubka: 38 cm (v\u010detn\u011b \u00fachytu)<\/p>\n","protected":false},"excerpt":{"rendered":"<p>Staro\u017eit\u00fd no\u010dn\u00ed stolek na vy\u0161\u0161\u00edch no\u017ei\u010dk\u00e1ch s kazetov\u00fdm zdoben\u00edm dv\u00ed\u0159ek a kr\u00e1sn\u00fdm \u00fachytem. Stolek uvnit\u0159 skr\u00fdv\u00e1 je\u0161t\u011b \u0161upl\u00ed\u010dek na drobnosti.<\/p>\n","protected":false},"featured_media":19288,"template":"","meta":[],"product_brand":[153],"product_cat":[91],"product_tag":[],"class_list":{"0":"post-19459","1":"product","2":"type-product","3":"status-publish","4":"has-post-thumbnail","6":"product_brand-eterle-cz","7":"product_cat-prodane","8":"product_shipping_class-nadrozmerne","10":"first","11":"outofstock","12":"purchasable","13":"product-type-simple"},"_links":{"self":[{"href":"https:\/\/eterle.cz\/eshop\/wp-json\/wp\/v2\/product\/19459","targetHints":{"allow":["GET"]}}],"collection":[{"href":"https:\/\/eterle.cz\/eshop\/wp-json\/wp\/v2\/product"}],"about":[{"href":"https:\/\/eterle.cz\/eshop\/wp-json\/wp\/v2\/types\/product"}],"version-history":[{"count":1,"href":"https:\/\/eterle.cz\/eshop\/wp-json\/wp\/v2\/product\/19459\/revisions"}],"predecessor-version":[{"id":26344,"href":"https:\/\/eterle.cz\/eshop\/wp-json\/wp\/v2\/product\/19459\/revisions\/26344"}],"wp:featuredmedia":[{"embeddable":true,"href":"https:\/\/eterle.cz\/eshop\/wp-json\/wp\/v2\/media\/19288"}],"wp:attachment":[{"href":"https:\/\/eterle.cz\/eshop\/wp-json\/wp\/v2\/media?parent=19459"}],"wp:term":[{"taxonomy":"product_brand","embeddable":true,"href":"https:\/\/eterle.cz\/eshop\/wp-json\/wp\/v2\/product_brand?post=19459"},{"taxonomy":"product_cat","embeddable":true,"href":"https:\/\/eterle.cz\/eshop\/wp-json\/wp\/v2\/product_cat?post=19459"},{"taxonomy":"product_tag","embeddable":true,"href":"https:\/\/eterle.cz\/eshop\/wp-json\/wp\/v2\/product_tag?post=19459"}],"curies":[{"name":"wp","href":"https:\/\/api.w.org\/{rel}","templated":true}]}}