{"id":19461,"date":"2024-04-28T23:42:31","date_gmt":"2024-04-28T21:42:31","guid":{"rendered":"https:\/\/eterle.cz\/eshop\/produkt\/chromovy-stul\/"},"modified":"2025-06-24T01:54:27","modified_gmt":"2025-06-23T23:54:27","slug":"chromovy-stul","status":"publish","type":"product","link":"https:\/\/eterle.cz\/eshop\/produkt\/chromovy-stul\/","title":{"rendered":"Chromov\u00fd st\u016fl"},"content":{"rendered":"<p>Funkcionalistick\u00fd velk\u00fd odkl\u00e1dac\u00ed stolek z obdob\u00ed 30.-40. let minul\u00e9ho stolet\u00ed od design\u00e9ra Marcelau Brauera.<\/p>\n<p>Stav: velmi dobr\u00fd p\u016fvodn\u00ed<br \/>\nZna\u010dka: Marcel Brauer<br \/>\nRozm\u011br<br \/>\nV\u00fd\u0161ka: 76 cm<br \/>\n\u0160\u00ed\u0159ka: 88 cm<br \/>\nHloubka: 60 cm<\/p>\n","protected":false},"excerpt":{"rendered":"<p>Funkcionalistick\u00fd velk\u00fd odkl\u00e1dac\u00ed stolek z obdob\u00ed 30.-40. let minul\u00e9ho stolet\u00ed od design\u00e9ra Marcelau Brauera. Stav: velmi dobr\u00fd p\u016fvodn\u00ed Zna\u010dka: Marcel<\/p>\n","protected":false},"featured_media":19313,"template":"","meta":[],"product_brand":[153],"product_cat":[130,124],"product_tag":[],"class_list":{"0":"post-19461","1":"product","2":"type-product","3":"status-publish","4":"has-post-thumbnail","6":"product_brand-eterle-cz","7":"product_cat-nabytek","8":"product_cat-stoly","9":"product_shipping_class-nadrozmerne","11":"first","12":"instock","13":"purchasable","14":"product-type-simple"},"_links":{"self":[{"href":"https:\/\/eterle.cz\/eshop\/wp-json\/wp\/v2\/product\/19461","targetHints":{"allow":["GET"]}}],"collection":[{"href":"https:\/\/eterle.cz\/eshop\/wp-json\/wp\/v2\/product"}],"about":[{"href":"https:\/\/eterle.cz\/eshop\/wp-json\/wp\/v2\/types\/product"}],"version-history":[{"count":1,"href":"https:\/\/eterle.cz\/eshop\/wp-json\/wp\/v2\/product\/19461\/revisions"}],"predecessor-version":[{"id":26342,"href":"https:\/\/eterle.cz\/eshop\/wp-json\/wp\/v2\/product\/19461\/revisions\/26342"}],"wp:featuredmedia":[{"embeddable":true,"href":"https:\/\/eterle.cz\/eshop\/wp-json\/wp\/v2\/media\/19313"}],"wp:attachment":[{"href":"https:\/\/eterle.cz\/eshop\/wp-json\/wp\/v2\/media?parent=19461"}],"wp:term":[{"taxonomy":"product_brand","embeddable":true,"href":"https:\/\/eterle.cz\/eshop\/wp-json\/wp\/v2\/product_brand?post=19461"},{"taxonomy":"product_cat","embeddable":true,"href":"https:\/\/eterle.cz\/eshop\/wp-json\/wp\/v2\/product_cat?post=19461"},{"taxonomy":"product_tag","embeddable":true,"href":"https:\/\/eterle.cz\/eshop\/wp-json\/wp\/v2\/product_tag?post=19461"}],"curies":[{"name":"wp","href":"https:\/\/api.w.org\/{rel}","templated":true}]}}