{"id":19462,"date":"2024-04-28T23:42:36","date_gmt":"2024-04-28T21:42:36","guid":{"rendered":"https:\/\/eterle.cz\/eshop\/produkt\/sofa-navratil\/"},"modified":"2026-03-09T22:10:42","modified_gmt":"2026-03-09T21:10:42","slug":"sofa-navratil","status":"publish","type":"product","link":"https:\/\/eterle.cz\/eshop\/produkt\/sofa-navratil\/","title":{"rendered":"Sofa \/ Navr\u00e1til"},"content":{"rendered":"<p>Nad\u010dasov\u00e1 lavice od Miroslava Navr\u00e1tila, jednoho z nejv\u00fdznamn\u011bj\u0161\u00edch design\u00e9r\u016f sedac\u00edho n\u00e1bytku 50. a\u017e 70. let minul\u00e9ho stolet\u00ed. Lavice je s rozkl\u00e1dac\u00edm mechanismem. Sed\u00e1k a op\u011bradlo do sebe p\u0159i rozlo\u017een\u00ed zapadnou jako puzzle.<\/p>\n<p>Stav: p\u016fvodn\u00ed zachoval\u00fd, jen na jednom m\u00edst\u011b ve \u0161vu lehce rozp\u00e1ran\u00e9.<br \/>\nZna\u010dka: Miroslav Navr\u00e1til<br \/>\nRozm\u011br<br \/>\nV\u00fd\u0161ka: 74 cm<br \/>\nD\u00e9lka: 196 cm<br \/>\nHloubka: 70 cm<\/p>\n","protected":false},"excerpt":{"rendered":"<p>Nad\u010dasov\u00e1 lavice od Miroslava Navr\u00e1tila, jednoho z nejv\u00fdznamn\u011bj\u0161\u00edch design\u00e9r\u016f sedac\u00edho n\u00e1bytku 50. a\u017e 70. let minul\u00e9ho stolet\u00ed. Lavice je s<\/p>\n","protected":false},"featured_media":19323,"template":"","meta":[],"product_brand":[153],"product_cat":[91],"product_tag":[],"class_list":{"0":"post-19462","1":"product","2":"type-product","3":"status-publish","4":"has-post-thumbnail","6":"product_brand-eterle-cz","7":"product_cat-prodane","8":"product_shipping_class-nadrozmerne","10":"first","11":"outofstock","12":"purchasable","13":"product-type-simple"},"_links":{"self":[{"href":"https:\/\/eterle.cz\/eshop\/wp-json\/wp\/v2\/product\/19462","targetHints":{"allow":["GET"]}}],"collection":[{"href":"https:\/\/eterle.cz\/eshop\/wp-json\/wp\/v2\/product"}],"about":[{"href":"https:\/\/eterle.cz\/eshop\/wp-json\/wp\/v2\/types\/product"}],"version-history":[{"count":1,"href":"https:\/\/eterle.cz\/eshop\/wp-json\/wp\/v2\/product\/19462\/revisions"}],"predecessor-version":[{"id":26341,"href":"https:\/\/eterle.cz\/eshop\/wp-json\/wp\/v2\/product\/19462\/revisions\/26341"}],"wp:featuredmedia":[{"embeddable":true,"href":"https:\/\/eterle.cz\/eshop\/wp-json\/wp\/v2\/media\/19323"}],"wp:attachment":[{"href":"https:\/\/eterle.cz\/eshop\/wp-json\/wp\/v2\/media?parent=19462"}],"wp:term":[{"taxonomy":"product_brand","embeddable":true,"href":"https:\/\/eterle.cz\/eshop\/wp-json\/wp\/v2\/product_brand?post=19462"},{"taxonomy":"product_cat","embeddable":true,"href":"https:\/\/eterle.cz\/eshop\/wp-json\/wp\/v2\/product_cat?post=19462"},{"taxonomy":"product_tag","embeddable":true,"href":"https:\/\/eterle.cz\/eshop\/wp-json\/wp\/v2\/product_tag?post=19462"}],"curies":[{"name":"wp","href":"https:\/\/api.w.org\/{rel}","templated":true}]}}