{"id":19464,"date":"2024-04-28T23:42:50","date_gmt":"2024-04-28T21:42:50","guid":{"rendered":"https:\/\/eterle.cz\/eshop\/produkt\/nocni-stolek-4\/"},"modified":"2025-04-15T16:11:34","modified_gmt":"2025-04-15T14:11:34","slug":"nocni-stolek-4","status":"publish","type":"product","link":"https:\/\/eterle.cz\/eshop\/produkt\/nocni-stolek-4\/","title":{"rendered":"No\u010dn\u00ed stolek"},"content":{"rendered":"<p>Minimalistick\u00fd no\u010dn\u00ed stolek s \u010dern\u00fdm opaxitov\u00fdm sklem. Nemus\u00ed nutn\u011b slou\u017eit jen jako stolek u postele. Vyu\u017e\u00edt se d\u00e1 dob\u0159e i v chodb\u011b t\u0159eba na kabelku nebo na drobn\u00e9. Ostudu neud\u011bl\u00e1 ani v ob\u00fdv\u00e1ku jako podstavec na kv\u011btiny.<\/p>\n<p>Do pozn\u00e1mky uve\u010fte, zda m\u00e1te z\u00e1jem o otv\u00edr\u00e1n\u00ed doprava \u010di doleva.<\/p>\n<p>Stav: zachoval\u00fd p\u016fvodn\u00ed stav, drobn\u00e1 patina<br \/>\nRozm\u011br<br \/>\nV\u00fd\u0161ka: 45 cm<br \/>\n\u0160\u00ed\u0159ka:50 cm<br \/>\nHloubka: 38 cm (v\u010detn\u011b \u00fachytu)<\/p>\n","protected":false},"excerpt":{"rendered":"<p>Minimalistick\u00fd no\u010dn\u00ed stolek s \u010dern\u00fdm opaxitov\u00fdm sklem. Nemus\u00ed nutn\u011b slou\u017eit jen jako stolek u postele. Vyu\u017e\u00edt se d\u00e1 dob\u0159e i<\/p>\n","protected":false},"featured_media":19346,"template":"","meta":[],"product_brand":[153],"product_cat":[91],"product_tag":[],"class_list":{"0":"post-19464","1":"product","2":"type-product","3":"status-publish","4":"has-post-thumbnail","6":"product_brand-eterle-cz","7":"product_cat-prodane","8":"product_shipping_class-nadrozmerne","10":"first","11":"outofstock","12":"purchasable","13":"product-type-simple"},"_links":{"self":[{"href":"https:\/\/eterle.cz\/eshop\/wp-json\/wp\/v2\/product\/19464","targetHints":{"allow":["GET"]}}],"collection":[{"href":"https:\/\/eterle.cz\/eshop\/wp-json\/wp\/v2\/product"}],"about":[{"href":"https:\/\/eterle.cz\/eshop\/wp-json\/wp\/v2\/types\/product"}],"version-history":[{"count":0,"href":"https:\/\/eterle.cz\/eshop\/wp-json\/wp\/v2\/product\/19464\/revisions"}],"wp:featuredmedia":[{"embeddable":true,"href":"https:\/\/eterle.cz\/eshop\/wp-json\/wp\/v2\/media\/19346"}],"wp:attachment":[{"href":"https:\/\/eterle.cz\/eshop\/wp-json\/wp\/v2\/media?parent=19464"}],"wp:term":[{"taxonomy":"product_brand","embeddable":true,"href":"https:\/\/eterle.cz\/eshop\/wp-json\/wp\/v2\/product_brand?post=19464"},{"taxonomy":"product_cat","embeddable":true,"href":"https:\/\/eterle.cz\/eshop\/wp-json\/wp\/v2\/product_cat?post=19464"},{"taxonomy":"product_tag","embeddable":true,"href":"https:\/\/eterle.cz\/eshop\/wp-json\/wp\/v2\/product_tag?post=19464"}],"curies":[{"name":"wp","href":"https:\/\/api.w.org\/{rel}","templated":true}]}}