{"id":19465,"date":"2024-04-28T23:42:55","date_gmt":"2024-04-28T21:42:55","guid":{"rendered":"https:\/\/eterle.cz\/eshop\/produkt\/gramofonova-skrinka-supraphon\/"},"modified":"2025-02-16T02:46:30","modified_gmt":"2025-02-16T01:46:30","slug":"gramofonova-skrinka-supraphon","status":"publish","type":"product","link":"https:\/\/eterle.cz\/eshop\/produkt\/gramofonova-skrinka-supraphon\/","title":{"rendered":"Gramofonov\u00e1 sk\u0159\u00ed\u0148ka \/ Supraphon"},"content":{"rendered":"<p>Funk\u010dn\u00ed gramofonov\u00e1 sk\u0159\u00ed\u0148ka z let 1959 &#8211; 1961 se zabudovan\u00fdm gramofonem a prostorem pro gramofonov\u00e9 desky. S\u0159\u00ed\u0148kz vyr\u00e1b\u011bly \u00daP z\u00e1vody n.p. Bu\u010dovice.<\/p>\n<p>Stav: funk\u010dn\u00ed, zachoval\u00fd p\u016fvodn\u00ed stav<br \/>\nZna\u010dka: Supraphon<br \/>\nRozm\u011br<br \/>\nV\u00fd\u0161ka: 75 cm<br \/>\nD\u00e9lka: 100 cm<br \/>\nHloubka: 40 cm<\/p>\n","protected":false},"excerpt":{"rendered":"<p>Funk\u010dn\u00ed gramofonov\u00e1 sk\u0159\u00ed\u0148ka z let 1959 &#8211; 1961 se zabudovan\u00fdm gramofonem a prostorem pro gramofonov\u00e9 desky. S\u0159\u00ed\u0148kz vyr\u00e1b\u011bly \u00daP z\u00e1vody<\/p>\n","protected":false},"featured_media":19355,"template":"","meta":[],"product_brand":[153],"product_cat":[91],"product_tag":[],"class_list":{"0":"post-19465","1":"product","2":"type-product","3":"status-publish","4":"has-post-thumbnail","6":"product_brand-eterle-cz","7":"product_cat-prodane","8":"product_shipping_class-nadrozmerne","10":"first","11":"outofstock","12":"purchasable","13":"product-type-simple"},"_links":{"self":[{"href":"https:\/\/eterle.cz\/eshop\/wp-json\/wp\/v2\/product\/19465","targetHints":{"allow":["GET"]}}],"collection":[{"href":"https:\/\/eterle.cz\/eshop\/wp-json\/wp\/v2\/product"}],"about":[{"href":"https:\/\/eterle.cz\/eshop\/wp-json\/wp\/v2\/types\/product"}],"version-history":[{"count":0,"href":"https:\/\/eterle.cz\/eshop\/wp-json\/wp\/v2\/product\/19465\/revisions"}],"wp:featuredmedia":[{"embeddable":true,"href":"https:\/\/eterle.cz\/eshop\/wp-json\/wp\/v2\/media\/19355"}],"wp:attachment":[{"href":"https:\/\/eterle.cz\/eshop\/wp-json\/wp\/v2\/media?parent=19465"}],"wp:term":[{"taxonomy":"product_brand","embeddable":true,"href":"https:\/\/eterle.cz\/eshop\/wp-json\/wp\/v2\/product_brand?post=19465"},{"taxonomy":"product_cat","embeddable":true,"href":"https:\/\/eterle.cz\/eshop\/wp-json\/wp\/v2\/product_cat?post=19465"},{"taxonomy":"product_tag","embeddable":true,"href":"https:\/\/eterle.cz\/eshop\/wp-json\/wp\/v2\/product_tag?post=19465"}],"curies":[{"name":"wp","href":"https:\/\/api.w.org\/{rel}","templated":true}]}}