{"id":19466,"date":"2024-04-28T23:43:01","date_gmt":"2024-04-28T21:43:01","guid":{"rendered":"https:\/\/eterle.cz\/eshop\/produkt\/sofa-zamecke\/"},"modified":"2026-02-28T00:25:35","modified_gmt":"2026-02-27T23:25:35","slug":"sofa-zamecke","status":"publish","type":"product","link":"https:\/\/eterle.cz\/eshop\/produkt\/sofa-zamecke\/","title":{"rendered":"Sofa z\u00e1meck\u00e9"},"content":{"rendered":"<p>Z\u00e1meck\u00e9 sofa biedermeier nov\u011b \u010daloun\u011bno v historick\u00e9 stylov\u00e9 l\u00e1tce. D\u0159evo je v p\u016fvodn\u00ed dobr\u00e9m stavu s lehkou patinou. Sofa je vhodn\u00e9 nejen do z\u00e1meck\u00fdch prosotr, ale tak\u00e9 do fotokoutk\u016f \u010di honosn\u00e9 vily.<\/p>\n<p>Stav: \u010d\u00e1ste\u010dn\u011b renovov\u00e1no, nov\u00e9 \u010daloun\u011bn\u00ed<br \/>\nRorm\u011br<br \/>\nV\u00fd\u0161ka: 107 cm<br \/>\nD\u00e9lka: 195 cm<br \/>\nHloubka: 77 cm<\/p>\n","protected":false},"excerpt":{"rendered":"<p>Z\u00e1meck\u00e9 sofa biedermeier nov\u011b \u010daloun\u011bno v historick\u00e9 stylov\u00e9 l\u00e1tce. D\u0159evo je v p\u016fvodn\u00ed dobr\u00e9m stavu s lehkou patinou. Sofa je<\/p>\n","protected":false},"featured_media":19367,"template":"","meta":[],"product_brand":[153],"product_cat":[91],"product_tag":[],"class_list":{"0":"post-19466","1":"product","2":"type-product","3":"status-publish","4":"has-post-thumbnail","6":"product_brand-eterle-cz","7":"product_cat-prodane","8":"product_shipping_class-nadrozmerne","10":"first","11":"outofstock","12":"purchasable","13":"product-type-simple"},"_links":{"self":[{"href":"https:\/\/eterle.cz\/eshop\/wp-json\/wp\/v2\/product\/19466","targetHints":{"allow":["GET"]}}],"collection":[{"href":"https:\/\/eterle.cz\/eshop\/wp-json\/wp\/v2\/product"}],"about":[{"href":"https:\/\/eterle.cz\/eshop\/wp-json\/wp\/v2\/types\/product"}],"version-history":[{"count":4,"href":"https:\/\/eterle.cz\/eshop\/wp-json\/wp\/v2\/product\/19466\/revisions"}],"predecessor-version":[{"id":34631,"href":"https:\/\/eterle.cz\/eshop\/wp-json\/wp\/v2\/product\/19466\/revisions\/34631"}],"wp:featuredmedia":[{"embeddable":true,"href":"https:\/\/eterle.cz\/eshop\/wp-json\/wp\/v2\/media\/19367"}],"wp:attachment":[{"href":"https:\/\/eterle.cz\/eshop\/wp-json\/wp\/v2\/media?parent=19466"}],"wp:term":[{"taxonomy":"product_brand","embeddable":true,"href":"https:\/\/eterle.cz\/eshop\/wp-json\/wp\/v2\/product_brand?post=19466"},{"taxonomy":"product_cat","embeddable":true,"href":"https:\/\/eterle.cz\/eshop\/wp-json\/wp\/v2\/product_cat?post=19466"},{"taxonomy":"product_tag","embeddable":true,"href":"https:\/\/eterle.cz\/eshop\/wp-json\/wp\/v2\/product_tag?post=19466"}],"curies":[{"name":"wp","href":"https:\/\/api.w.org\/{rel}","templated":true}]}}