{"id":19467,"date":"2024-04-28T23:43:09","date_gmt":"2024-04-28T21:43:09","guid":{"rendered":"https:\/\/eterle.cz\/eshop\/produkt\/toaletni-skrinka\/"},"modified":"2025-02-16T02:46:30","modified_gmt":"2025-02-16T01:46:30","slug":"toaletni-skrinka","status":"publish","type":"product","link":"https:\/\/eterle.cz\/eshop\/produkt\/toaletni-skrinka\/","title":{"rendered":"Toaletn\u00ed sk\u0159\u00ed\u0148ka"},"content":{"rendered":"<p>Toaletn\u00ed sk\u0159\u00ed\u0148ka z 50. let minul\u00e9ho stolet\u00ed m\u00e1 zaj\u00edmav\u00fd asymetrick\u00fd tvar. Horn\u00ed deska je \u010dern\u00e9 opaxitov\u00e9 sklo. Toaletka je vhodn\u00e1 nap\u0159\u00edklad do haly, kde m\u016f\u017eete odlo\u017eit kabelku a zkontrolvat sv\u016fj vzhled p\u0159ed odchodem.<\/p>\n<p>Stav: dobr\u00fd s patinou jak na zrcadle, tak na d\u0159evu. Na bo\u010dn\u00ed hran\u011b vzadu u\u0161t\u00edpl\u00fd kousek d\u00fdhy.<br \/>\nRozm\u011br<br \/>\nV\u00fd\u0161ka:167 cm<br \/>\n\u0160\u00ed\u0159ka: 110 cm<br \/>\nHloubka: 30 cm<\/p>\n","protected":false},"excerpt":{"rendered":"<p>Toaletn\u00ed sk\u0159\u00ed\u0148ka z 50. let minul\u00e9ho stolet\u00ed m\u00e1 zaj\u00edmav\u00fd asymetrick\u00fd tvar. Horn\u00ed deska je \u010dern\u00e9 opaxitov\u00e9 sklo. Toaletka je vhodn\u00e1<\/p>\n","protected":false},"featured_media":19378,"template":"","meta":[],"product_brand":[153],"product_cat":[91],"product_tag":[],"class_list":{"0":"post-19467","1":"product","2":"type-product","3":"status-publish","4":"has-post-thumbnail","6":"product_brand-eterle-cz","7":"product_cat-prodane","8":"product_shipping_class-nadrozmerne","10":"first","11":"outofstock","12":"purchasable","13":"product-type-simple"},"_links":{"self":[{"href":"https:\/\/eterle.cz\/eshop\/wp-json\/wp\/v2\/product\/19467","targetHints":{"allow":["GET"]}}],"collection":[{"href":"https:\/\/eterle.cz\/eshop\/wp-json\/wp\/v2\/product"}],"about":[{"href":"https:\/\/eterle.cz\/eshop\/wp-json\/wp\/v2\/types\/product"}],"version-history":[{"count":0,"href":"https:\/\/eterle.cz\/eshop\/wp-json\/wp\/v2\/product\/19467\/revisions"}],"wp:featuredmedia":[{"embeddable":true,"href":"https:\/\/eterle.cz\/eshop\/wp-json\/wp\/v2\/media\/19378"}],"wp:attachment":[{"href":"https:\/\/eterle.cz\/eshop\/wp-json\/wp\/v2\/media?parent=19467"}],"wp:term":[{"taxonomy":"product_brand","embeddable":true,"href":"https:\/\/eterle.cz\/eshop\/wp-json\/wp\/v2\/product_brand?post=19467"},{"taxonomy":"product_cat","embeddable":true,"href":"https:\/\/eterle.cz\/eshop\/wp-json\/wp\/v2\/product_cat?post=19467"},{"taxonomy":"product_tag","embeddable":true,"href":"https:\/\/eterle.cz\/eshop\/wp-json\/wp\/v2\/product_tag?post=19467"}],"curies":[{"name":"wp","href":"https:\/\/api.w.org\/{rel}","templated":true}]}}