{"id":19471,"date":"2024-04-28T23:43:44","date_gmt":"2024-04-28T21:43:44","guid":{"rendered":"https:\/\/eterle.cz\/eshop\/produkt\/nocni-stolek-5\/"},"modified":"2025-02-16T02:46:28","modified_gmt":"2025-02-16T01:46:28","slug":"nocni-stolek-5","status":"publish","type":"product","link":"https:\/\/eterle.cz\/eshop\/produkt\/nocni-stolek-5\/","title":{"rendered":"No\u010dn\u00ed stolek"},"content":{"rendered":"<p>Minimalistick\u00fd stolek z 60. let minul\u00e9ho stolet\u00ed. V sou\u010dasn\u00e9m stavu vhodn\u00e9 sp\u00ed\u0161e na chalupu. S nov\u00fdm n\u00e1t\u011brem v barv\u011b dle va\u0161ich preferenc\u00ed budou d\u011blat par\u00e1du kdekoliv. Dostupn\u00fd s otv\u00edr\u00e1n\u00edm vlevo (panty na lev\u00e9 stran\u011b).<\/p>\n<p>Stav: konstruk\u010dn\u011b v po\u0159\u00e1dku, m\u00edsty opr\u00fdskan\u00fd lak<br \/>\nRozm\u011br<br \/>\nV\u00fd\u0161ka: 67 cm<br \/>\n\u0160\u00ed\u0159ka: 47 cm<br \/>\nHloubka: 38 cm<\/p>\n","protected":false},"excerpt":{"rendered":"<p>Minimalistick\u00fd stolek z 60. let minul\u00e9ho stolet\u00ed. V sou\u010dasn\u00e9m stavu vhodn\u00e9 sp\u00ed\u0161e na chalupu. S nov\u00fdm n\u00e1t\u011brem v barv\u011b dle<\/p>\n","protected":false},"featured_media":19422,"template":"","meta":[],"product_brand":[153],"product_cat":[91],"product_tag":[],"class_list":{"0":"post-19471","1":"product","2":"type-product","3":"status-publish","4":"has-post-thumbnail","6":"product_brand-eterle-cz","7":"product_cat-prodane","8":"product_shipping_class-nadrozmerne","10":"first","11":"outofstock","12":"purchasable","13":"product-type-simple"},"_links":{"self":[{"href":"https:\/\/eterle.cz\/eshop\/wp-json\/wp\/v2\/product\/19471","targetHints":{"allow":["GET"]}}],"collection":[{"href":"https:\/\/eterle.cz\/eshop\/wp-json\/wp\/v2\/product"}],"about":[{"href":"https:\/\/eterle.cz\/eshop\/wp-json\/wp\/v2\/types\/product"}],"version-history":[{"count":0,"href":"https:\/\/eterle.cz\/eshop\/wp-json\/wp\/v2\/product\/19471\/revisions"}],"wp:featuredmedia":[{"embeddable":true,"href":"https:\/\/eterle.cz\/eshop\/wp-json\/wp\/v2\/media\/19422"}],"wp:attachment":[{"href":"https:\/\/eterle.cz\/eshop\/wp-json\/wp\/v2\/media?parent=19471"}],"wp:term":[{"taxonomy":"product_brand","embeddable":true,"href":"https:\/\/eterle.cz\/eshop\/wp-json\/wp\/v2\/product_brand?post=19471"},{"taxonomy":"product_cat","embeddable":true,"href":"https:\/\/eterle.cz\/eshop\/wp-json\/wp\/v2\/product_cat?post=19471"},{"taxonomy":"product_tag","embeddable":true,"href":"https:\/\/eterle.cz\/eshop\/wp-json\/wp\/v2\/product_tag?post=19471"}],"curies":[{"name":"wp","href":"https:\/\/api.w.org\/{rel}","templated":true}]}}