{"id":19480,"date":"2024-04-28T23:44:13","date_gmt":"2024-04-28T21:44:13","guid":{"rendered":"https:\/\/eterle.cz\/eshop\/produkt\/zidle-ironica-ton\/"},"modified":"2025-02-16T02:46:28","modified_gmt":"2025-02-16T01:46:28","slug":"zidle-ironica-ton","status":"publish","type":"product","link":"https:\/\/eterle.cz\/eshop\/produkt\/zidle-ironica-ton\/","title":{"rendered":"\u017didle Ironica \/ Ton"},"content":{"rendered":"<p>Obl\u00edben\u00e1 j\u00eddeln\u00ed \u017eidle Ironica od Tonu po renovaci.<\/p>\n<p>Stav: zrenovovan\u00e1<br \/>\nRozm\u011br<br \/>\nV\u00fd\u0161ka: 83 cm<br \/>\n\u0160\u00ed\u0159ka: 45 cm<br \/>\nHloubka: 53 cm<\/p>\n","protected":false},"excerpt":{"rendered":"<p>Obl\u00edben\u00e1 j\u00eddeln\u00ed \u017eidle Ironica od Tonu po renovaci. Stav: zrenovovan\u00e1 Rozm\u011br V\u00fd\u0161ka: 83 cm \u0160\u00ed\u0159ka: 45 cm Hloubka: 53 cm<\/p>\n","protected":false},"featured_media":19481,"template":"","meta":[],"product_brand":[153],"product_cat":[91],"product_tag":[],"class_list":{"0":"post-19480","1":"product","2":"type-product","3":"status-publish","4":"has-post-thumbnail","6":"product_brand-eterle-cz","7":"product_cat-prodane","8":"product_shipping_class-nadrozmerne","10":"first","11":"outofstock","12":"purchasable","13":"product-type-simple"},"_links":{"self":[{"href":"https:\/\/eterle.cz\/eshop\/wp-json\/wp\/v2\/product\/19480","targetHints":{"allow":["GET"]}}],"collection":[{"href":"https:\/\/eterle.cz\/eshop\/wp-json\/wp\/v2\/product"}],"about":[{"href":"https:\/\/eterle.cz\/eshop\/wp-json\/wp\/v2\/types\/product"}],"version-history":[{"count":0,"href":"https:\/\/eterle.cz\/eshop\/wp-json\/wp\/v2\/product\/19480\/revisions"}],"wp:featuredmedia":[{"embeddable":true,"href":"https:\/\/eterle.cz\/eshop\/wp-json\/wp\/v2\/media\/19481"}],"wp:attachment":[{"href":"https:\/\/eterle.cz\/eshop\/wp-json\/wp\/v2\/media?parent=19480"}],"wp:term":[{"taxonomy":"product_brand","embeddable":true,"href":"https:\/\/eterle.cz\/eshop\/wp-json\/wp\/v2\/product_brand?post=19480"},{"taxonomy":"product_cat","embeddable":true,"href":"https:\/\/eterle.cz\/eshop\/wp-json\/wp\/v2\/product_cat?post=19480"},{"taxonomy":"product_tag","embeddable":true,"href":"https:\/\/eterle.cz\/eshop\/wp-json\/wp\/v2\/product_tag?post=19480"}],"curies":[{"name":"wp","href":"https:\/\/api.w.org\/{rel}","templated":true}]}}