{"id":19495,"date":"2024-04-28T23:44:53","date_gmt":"2024-04-28T21:44:53","guid":{"rendered":"https:\/\/eterle.cz\/eshop\/produkt\/kreslo-navratil-4\/"},"modified":"2025-03-21T16:31:45","modified_gmt":"2025-03-21T15:31:45","slug":"kreslo-navratil-4","status":"publish","type":"product","link":"https:\/\/eterle.cz\/eshop\/produkt\/kreslo-navratil-4\/","title":{"rendered":"K\u0159eslo \/ Navr\u00e1til"},"content":{"rendered":"<p>Sko\u0159epinov\u00e9 k\u0159eslo z 60. let dle n\u00e1vrhu Miroslava Navr\u00e1tila pat\u0159\u00ed dnes k ikonick\u00fdm kousk\u016fm n\u00e1bytku tohoto design\u00e9ra. Autor je zn\u00e1m p\u0159edev\u0161\u00edm jako design\u00e9r tramvajov\u00e9 seda\u010dky montovan\u00e9 do tramvaj\u00ed v 50. \u2013 80. letech minul\u00e9ho stolet\u00ed. Toto tzv. televizn\u00ed k\u0159eslo bylo navr\u017eeno pro Trien\u00e1le v Mil\u00e1n\u011b (1959), nejstar\u0161\u00ed a nejpresti\u017en\u011bj\u0161\u00ed mezin\u00e1rodn\u00ed p\u0159ehl\u00eddku designu a architektury. Sed\u00e1k je vyroben ze sklolamin\u00e1tov\u00e9 sko\u0159epiny, kter\u00e1 je n\u00e1sledn\u011b pota\u017eena. \u010caloun\u011bn\u00ed i d\u0159ev\u011bn\u00e1 podno\u017e jsou v p\u016fvodn\u00edm stavu.<\/p>\n<p>Stav: p\u016fvodn\u00ed zachoval\u00fd<br \/>\nRozm\u011br<br \/>\nV\u00fd\u0161ka: 82 cm<br \/>\n\u0160\u00ed\u0159ka: 62 cm<br \/>\nHloubka: 82 cm<\/p>\n","protected":false},"excerpt":{"rendered":"<p>Sko\u0159epinov\u00e9 k\u0159eslo z 60. let dle n\u00e1vrhu Miroslava Navr\u00e1tila pat\u0159\u00ed dnes k ikonick\u00fdm kousk\u016fm n\u00e1bytku tohoto design\u00e9ra. Autor je zn\u00e1m<\/p>\n","protected":false},"featured_media":19496,"template":"","meta":[],"product_brand":[153],"product_cat":[91],"product_tag":[],"class_list":{"0":"post-19495","1":"product","2":"type-product","3":"status-publish","4":"has-post-thumbnail","6":"product_brand-eterle-cz","7":"product_cat-prodane","8":"product_shipping_class-nadrozmerne","10":"first","11":"outofstock","12":"purchasable","13":"product-type-simple"},"_links":{"self":[{"href":"https:\/\/eterle.cz\/eshop\/wp-json\/wp\/v2\/product\/19495","targetHints":{"allow":["GET"]}}],"collection":[{"href":"https:\/\/eterle.cz\/eshop\/wp-json\/wp\/v2\/product"}],"about":[{"href":"https:\/\/eterle.cz\/eshop\/wp-json\/wp\/v2\/types\/product"}],"version-history":[{"count":0,"href":"https:\/\/eterle.cz\/eshop\/wp-json\/wp\/v2\/product\/19495\/revisions"}],"wp:featuredmedia":[{"embeddable":true,"href":"https:\/\/eterle.cz\/eshop\/wp-json\/wp\/v2\/media\/19496"}],"wp:attachment":[{"href":"https:\/\/eterle.cz\/eshop\/wp-json\/wp\/v2\/media?parent=19495"}],"wp:term":[{"taxonomy":"product_brand","embeddable":true,"href":"https:\/\/eterle.cz\/eshop\/wp-json\/wp\/v2\/product_brand?post=19495"},{"taxonomy":"product_cat","embeddable":true,"href":"https:\/\/eterle.cz\/eshop\/wp-json\/wp\/v2\/product_cat?post=19495"},{"taxonomy":"product_tag","embeddable":true,"href":"https:\/\/eterle.cz\/eshop\/wp-json\/wp\/v2\/product_tag?post=19495"}],"curies":[{"name":"wp","href":"https:\/\/api.w.org\/{rel}","templated":true}]}}