{"id":19506,"date":"2024-04-28T23:45:18","date_gmt":"2024-04-28T21:45:18","guid":{"rendered":"https:\/\/eterle.cz\/eshop\/produkt\/kreslo-interier-praha\/"},"modified":"2025-02-16T02:46:27","modified_gmt":"2025-02-16T01:46:27","slug":"kreslo-interier-praha","status":"publish","type":"product","link":"https:\/\/eterle.cz\/eshop\/produkt\/kreslo-interier-praha\/","title":{"rendered":"K\u0159eslo \/ Interi\u00e9r Praha"},"content":{"rendered":"<p>\u010caloun\u011bn\u00e9 k\u0159eslo z d\u00edlny Interi\u00e9r Praha m\u00e1 hranat\u011bj\u0161\u00ed tvar a p\u0159edev\u0161\u00edm zaj\u00edmav\u011b lomen\u00e9 op\u011bradlo.<\/p>\n<p>Stav: zachoval\u00fd p\u016fvodn\u00ed<br \/>\nZna\u010dka: Interi\u00e9r Praha<br \/>\nRozm\u011br<br \/>\nV\u00fd\u0161ka: 80 cm<br \/>\n\u0160\u00ed\u0159ka: 55 cm<br \/>\nHloubka: 80 cm<\/p>\n","protected":false},"excerpt":{"rendered":"<p>\u010caloun\u011bn\u00e9 k\u0159eslo z d\u00edlny Interi\u00e9r Praha m\u00e1 hranat\u011bj\u0161\u00ed tvar a p\u0159edev\u0161\u00edm zaj\u00edmav\u011b lomen\u00e9 op\u011bradlo. Stav: zachoval\u00fd p\u016fvodn\u00ed Zna\u010dka: Interi\u00e9r Praha<\/p>\n","protected":false},"featured_media":19507,"template":"","meta":[],"product_brand":[153],"product_cat":[91],"product_tag":[],"class_list":{"0":"post-19506","1":"product","2":"type-product","3":"status-publish","4":"has-post-thumbnail","6":"product_brand-eterle-cz","7":"product_cat-prodane","8":"product_shipping_class-nadrozmerne","10":"first","11":"outofstock","12":"purchasable","13":"product-type-simple"},"_links":{"self":[{"href":"https:\/\/eterle.cz\/eshop\/wp-json\/wp\/v2\/product\/19506","targetHints":{"allow":["GET"]}}],"collection":[{"href":"https:\/\/eterle.cz\/eshop\/wp-json\/wp\/v2\/product"}],"about":[{"href":"https:\/\/eterle.cz\/eshop\/wp-json\/wp\/v2\/types\/product"}],"version-history":[{"count":0,"href":"https:\/\/eterle.cz\/eshop\/wp-json\/wp\/v2\/product\/19506\/revisions"}],"wp:featuredmedia":[{"embeddable":true,"href":"https:\/\/eterle.cz\/eshop\/wp-json\/wp\/v2\/media\/19507"}],"wp:attachment":[{"href":"https:\/\/eterle.cz\/eshop\/wp-json\/wp\/v2\/media?parent=19506"}],"wp:term":[{"taxonomy":"product_brand","embeddable":true,"href":"https:\/\/eterle.cz\/eshop\/wp-json\/wp\/v2\/product_brand?post=19506"},{"taxonomy":"product_cat","embeddable":true,"href":"https:\/\/eterle.cz\/eshop\/wp-json\/wp\/v2\/product_cat?post=19506"},{"taxonomy":"product_tag","embeddable":true,"href":"https:\/\/eterle.cz\/eshop\/wp-json\/wp\/v2\/product_tag?post=19506"}],"curies":[{"name":"wp","href":"https:\/\/api.w.org\/{rel}","templated":true}]}}