{"id":19518,"date":"2024-04-28T23:45:47","date_gmt":"2024-04-28T21:45:47","guid":{"rendered":"https:\/\/eterle.cz\/eshop\/produkt\/kreslo-t-2403-chlebo\/"},"modified":"2025-02-16T02:46:27","modified_gmt":"2025-02-16T01:46:27","slug":"kreslo-t-2403-chlebo","status":"publish","type":"product","link":"https:\/\/eterle.cz\/eshop\/produkt\/kreslo-t-2403-chlebo\/","title":{"rendered":"K\u0159eslo T-2403  \/ Chlebo"},"content":{"rendered":"<p>Luxusn\u00ed k\u0159eslo T-2403 od slovensk\u00e9ho design\u00e9ra Villiama Chleba vyrobeno v r. 1980 firmou Kodreta Myjava. K\u0159eslo se vyr\u00e1b\u00ed nep\u0159etr\u017eit\u011b ji\u017e 39 let a neztratilo na designu ani kvalit\u011b. Jedin\u00e9, co se za tu dobu zm\u011bnilo je n\u00e1zev, nyn\u00ed je ozna\u010dov\u00e1no Klasik K 417. Pro n\u00e1s je to d\u016fkaz, \u017ee kvalitn\u00ed design net\u0159eba m\u011bnit. Potah v \u010dern\u00e9 barv\u011b je sn\u00edmateln\u00fd.<\/p>\n<p>Stav: zachoval\u00fd p\u016fvodn\u00ed stav, chrom lehk\u00e1 koroze<br \/>\nZna\u010dka: Villiam Chlebo<br \/>\nRozm\u011br<br \/>\nV\u00fd\u0161ka: 70 cm<br \/>\n\u0160\u00ed\u0159ka: 77 cm<br \/>\nHloubka: 80 cm<\/p>\n","protected":false},"excerpt":{"rendered":"<p>Luxusn\u00ed k\u0159eslo T-2403 od slovensk\u00e9ho design\u00e9ra Villiama Chleba vyrobeno v r. 1980 firmou Kodreta Myjava. K\u0159eslo se vyr\u00e1b\u00ed nep\u0159etr\u017eit\u011b ji\u017e<\/p>\n","protected":false},"featured_media":19519,"template":"","meta":[],"product_brand":[153],"product_cat":[91],"product_tag":[],"class_list":{"0":"post-19518","1":"product","2":"type-product","3":"status-publish","4":"has-post-thumbnail","6":"product_brand-eterle-cz","7":"product_cat-prodane","8":"product_shipping_class-nadrozmerne","10":"first","11":"outofstock","12":"purchasable","13":"product-type-simple"},"_links":{"self":[{"href":"https:\/\/eterle.cz\/eshop\/wp-json\/wp\/v2\/product\/19518","targetHints":{"allow":["GET"]}}],"collection":[{"href":"https:\/\/eterle.cz\/eshop\/wp-json\/wp\/v2\/product"}],"about":[{"href":"https:\/\/eterle.cz\/eshop\/wp-json\/wp\/v2\/types\/product"}],"version-history":[{"count":0,"href":"https:\/\/eterle.cz\/eshop\/wp-json\/wp\/v2\/product\/19518\/revisions"}],"wp:featuredmedia":[{"embeddable":true,"href":"https:\/\/eterle.cz\/eshop\/wp-json\/wp\/v2\/media\/19519"}],"wp:attachment":[{"href":"https:\/\/eterle.cz\/eshop\/wp-json\/wp\/v2\/media?parent=19518"}],"wp:term":[{"taxonomy":"product_brand","embeddable":true,"href":"https:\/\/eterle.cz\/eshop\/wp-json\/wp\/v2\/product_brand?post=19518"},{"taxonomy":"product_cat","embeddable":true,"href":"https:\/\/eterle.cz\/eshop\/wp-json\/wp\/v2\/product_cat?post=19518"},{"taxonomy":"product_tag","embeddable":true,"href":"https:\/\/eterle.cz\/eshop\/wp-json\/wp\/v2\/product_tag?post=19518"}],"curies":[{"name":"wp","href":"https:\/\/api.w.org\/{rel}","templated":true}]}}