{"id":19539,"date":"2024-04-28T23:46:29","date_gmt":"2024-04-28T21:46:29","guid":{"rendered":"https:\/\/eterle.cz\/eshop\/produkt\/bedna-na-periny-2\/"},"modified":"2025-02-16T02:46:26","modified_gmt":"2025-02-16T01:46:26","slug":"bedna-na-periny-2","status":"publish","type":"product","link":"https:\/\/eterle.cz\/eshop\/produkt\/bedna-na-periny-2\/","title":{"rendered":"Bedna na pe\u0159iny"},"content":{"rendered":"<p>Bedna na pe\u0159iny je pohledov\u00e1 z obou stran, tak\u017ee se bude hodit i do prostoru. Dob\u0159e bude vypadat i zezadu seda\u010dky, kde poslou\u017e\u00ed jako del\u0161\u00ed odkl\u00e1dac\u00ed stolek t\u0159eba na sklenku v\u00edna, kdy\u017e do n\u00ed ve\u010der ulo\u017e\u00edte hra\u010dky a ob\u00fdv\u00e1k se stane op\u011bt ob\u00fdv\u00e1kem.<\/p>\n<p>Stav: velmi dobr\u00fd<br \/>\nRozm\u011br<br \/>\nV\u00fd\u0161ka: 76 cm<br \/>\nD\u00e9lka: 160 cm<br \/>\nHloubka: 41 cm<\/p>\n","protected":false},"excerpt":{"rendered":"<p>Bedna na pe\u0159iny je pohledov\u00e1 z obou stran, tak\u017ee se bude hodit i do prostoru. Dob\u0159e bude vypadat i zezadu<\/p>\n","protected":false},"featured_media":19540,"template":"","meta":[],"product_brand":[153],"product_cat":[91],"product_tag":[],"class_list":{"0":"post-19539","1":"product","2":"type-product","3":"status-publish","4":"has-post-thumbnail","6":"product_brand-eterle-cz","7":"product_cat-prodane","8":"product_shipping_class-nadrozmerne","10":"first","11":"outofstock","12":"purchasable","13":"product-type-simple"},"_links":{"self":[{"href":"https:\/\/eterle.cz\/eshop\/wp-json\/wp\/v2\/product\/19539","targetHints":{"allow":["GET"]}}],"collection":[{"href":"https:\/\/eterle.cz\/eshop\/wp-json\/wp\/v2\/product"}],"about":[{"href":"https:\/\/eterle.cz\/eshop\/wp-json\/wp\/v2\/types\/product"}],"version-history":[{"count":0,"href":"https:\/\/eterle.cz\/eshop\/wp-json\/wp\/v2\/product\/19539\/revisions"}],"wp:featuredmedia":[{"embeddable":true,"href":"https:\/\/eterle.cz\/eshop\/wp-json\/wp\/v2\/media\/19540"}],"wp:attachment":[{"href":"https:\/\/eterle.cz\/eshop\/wp-json\/wp\/v2\/media?parent=19539"}],"wp:term":[{"taxonomy":"product_brand","embeddable":true,"href":"https:\/\/eterle.cz\/eshop\/wp-json\/wp\/v2\/product_brand?post=19539"},{"taxonomy":"product_cat","embeddable":true,"href":"https:\/\/eterle.cz\/eshop\/wp-json\/wp\/v2\/product_cat?post=19539"},{"taxonomy":"product_tag","embeddable":true,"href":"https:\/\/eterle.cz\/eshop\/wp-json\/wp\/v2\/product_tag?post=19539"}],"curies":[{"name":"wp","href":"https:\/\/api.w.org\/{rel}","templated":true}]}}