{"id":19548,"date":"2024-04-28T23:46:53","date_gmt":"2024-04-28T21:46:53","guid":{"rendered":"https:\/\/eterle.cz\/eshop\/produkt\/kreslo-thonet\/"},"modified":"2025-02-16T02:46:26","modified_gmt":"2025-02-16T01:46:26","slug":"kreslo-thonet","status":"publish","type":"product","link":"https:\/\/eterle.cz\/eshop\/produkt\/kreslo-thonet\/","title":{"rendered":"K\u0159eslo \/ Thonet"},"content":{"rendered":"<p>Staro\u017eitn\u00e9 k\u0159eslo zna\u010den\u00e9 Thonet Mimo\u0148 vyrobeno ve 40. letech minul\u00e9ho stolet\u00ed. K\u0159eslo m\u00e1 celod\u0159ev\u011bnou konstrukci a vypad\u00e1 hezky i ze zadn\u00ed strany, kde je hezky vid\u011bt d\u0159ev\u011bn\u00e1 z\u00e1da.<\/p>\n<p>Stav: zachoval\u00fd p\u016fvodn\u00ed stav; drobn\u00e9 \u0161kr\u00e1bance na d\u0159ev\u011b; \u010daloun\u011bn\u00ed p\u016fvodn\u00ed, ale ve velmi dobr\u00e9m stavu<br \/>\nZna\u010dka: Thonet, Mimo\u0148<br \/>\nRozm\u011br<br \/>\nV\u00fd\u0161ka: 80 cm<br \/>\n\u0160\u00ed\u0159ka: 64 cm<br \/>\nHloubka: 78 cm<\/p>\n","protected":false},"excerpt":{"rendered":"<p>Staro\u017eitn\u00e9 k\u0159eslo zna\u010den\u00e9 Thonet Mimo\u0148 vyrobeno ve 40. letech minul\u00e9ho stolet\u00ed. K\u0159eslo m\u00e1 celod\u0159ev\u011bnou konstrukci a vypad\u00e1 hezky i ze<\/p>\n","protected":false},"featured_media":19549,"template":"","meta":[],"product_brand":[153],"product_cat":[91],"product_tag":[],"class_list":{"0":"post-19548","1":"product","2":"type-product","3":"status-publish","4":"has-post-thumbnail","6":"product_brand-eterle-cz","7":"product_cat-prodane","8":"product_shipping_class-nadrozmerne","10":"first","11":"outofstock","12":"purchasable","13":"product-type-simple"},"_links":{"self":[{"href":"https:\/\/eterle.cz\/eshop\/wp-json\/wp\/v2\/product\/19548","targetHints":{"allow":["GET"]}}],"collection":[{"href":"https:\/\/eterle.cz\/eshop\/wp-json\/wp\/v2\/product"}],"about":[{"href":"https:\/\/eterle.cz\/eshop\/wp-json\/wp\/v2\/types\/product"}],"version-history":[{"count":0,"href":"https:\/\/eterle.cz\/eshop\/wp-json\/wp\/v2\/product\/19548\/revisions"}],"wp:featuredmedia":[{"embeddable":true,"href":"https:\/\/eterle.cz\/eshop\/wp-json\/wp\/v2\/media\/19549"}],"wp:attachment":[{"href":"https:\/\/eterle.cz\/eshop\/wp-json\/wp\/v2\/media?parent=19548"}],"wp:term":[{"taxonomy":"product_brand","embeddable":true,"href":"https:\/\/eterle.cz\/eshop\/wp-json\/wp\/v2\/product_brand?post=19548"},{"taxonomy":"product_cat","embeddable":true,"href":"https:\/\/eterle.cz\/eshop\/wp-json\/wp\/v2\/product_cat?post=19548"},{"taxonomy":"product_tag","embeddable":true,"href":"https:\/\/eterle.cz\/eshop\/wp-json\/wp\/v2\/product_tag?post=19548"}],"curies":[{"name":"wp","href":"https:\/\/api.w.org\/{rel}","templated":true}]}}