{"id":19716,"date":"2024-07-09T23:15:13","date_gmt":"2024-07-09T21:15:13","guid":{"rendered":"https:\/\/eterle.cz\/eshop\/produkt\/barovy-stolek\/"},"modified":"2025-06-24T01:54:25","modified_gmt":"2025-06-23T23:54:25","slug":"barovy-stolek","status":"publish","type":"product","link":"https:\/\/eterle.cz\/eshop\/produkt\/barovy-stolek\/","title":{"rendered":"Barov\u00fd stolek"},"content":{"rendered":"<p>Barov\u00fd stolek z obdob\u00ed Art deca v \u010dern\u00e9 barv\u011b v kombinaci se sklem. Sklen\u011bn\u00e1 \u010d\u00e1st se d\u00e1 vyklopit na t\u0159ech m\u00edstech a je tedy snadno p\u0159\u00edstupn\u00fd ze v\u0161ech stran a tud\u00ed\u017e vhodn\u00fd do prostoru. Jedn\u00e1 se o neobvykl\u00fd kus n\u00e1bytku, kter\u00fd obzvl\u00e1\u0161tn\u00ed jak\u00fdkoliv prosotr a\u0165 u\u017e kancel\u00e1\u0159 nebo ob\u00fdvac\u00ed pokoj.<\/p>\n<p>Stav: p\u016fvodn\u00ed zachoval\u00fd<br \/>\nRozm\u011br<br \/>\nV\u00fd\u0161ka: 69 cm<br \/>\n\u0160\u00ed\u0159ka: 61 cm (nejdel\u0161\u00ed), 55 c, (nejkrat\u0161\u00ed)<\/p>\n","protected":false},"excerpt":{"rendered":"<p>Barov\u00fd stolek z obdob\u00ed Art deca v \u010dern\u00e9 barv\u011b v kombinaci se sklem. Sklen\u011bn\u00e1 \u010d\u00e1st se d\u00e1 vyklopit na t\u0159ech<\/p>\n","protected":false},"featured_media":19717,"template":"","meta":[],"product_brand":[153],"product_cat":[130,124],"product_tag":[],"class_list":{"0":"post-19716","1":"product","2":"type-product","3":"status-publish","4":"has-post-thumbnail","6":"product_brand-eterle-cz","7":"product_cat-nabytek","8":"product_cat-stoly","9":"product_shipping_class-nadrozmerne","11":"first","12":"instock","13":"purchasable","14":"product-type-simple"},"_links":{"self":[{"href":"https:\/\/eterle.cz\/eshop\/wp-json\/wp\/v2\/product\/19716","targetHints":{"allow":["GET"]}}],"collection":[{"href":"https:\/\/eterle.cz\/eshop\/wp-json\/wp\/v2\/product"}],"about":[{"href":"https:\/\/eterle.cz\/eshop\/wp-json\/wp\/v2\/types\/product"}],"version-history":[{"count":1,"href":"https:\/\/eterle.cz\/eshop\/wp-json\/wp\/v2\/product\/19716\/revisions"}],"predecessor-version":[{"id":26332,"href":"https:\/\/eterle.cz\/eshop\/wp-json\/wp\/v2\/product\/19716\/revisions\/26332"}],"wp:featuredmedia":[{"embeddable":true,"href":"https:\/\/eterle.cz\/eshop\/wp-json\/wp\/v2\/media\/19717"}],"wp:attachment":[{"href":"https:\/\/eterle.cz\/eshop\/wp-json\/wp\/v2\/media?parent=19716"}],"wp:term":[{"taxonomy":"product_brand","embeddable":true,"href":"https:\/\/eterle.cz\/eshop\/wp-json\/wp\/v2\/product_brand?post=19716"},{"taxonomy":"product_cat","embeddable":true,"href":"https:\/\/eterle.cz\/eshop\/wp-json\/wp\/v2\/product_cat?post=19716"},{"taxonomy":"product_tag","embeddable":true,"href":"https:\/\/eterle.cz\/eshop\/wp-json\/wp\/v2\/product_tag?post=19716"}],"curies":[{"name":"wp","href":"https:\/\/api.w.org\/{rel}","templated":true}]}}