{"id":19741,"date":"2024-07-09T23:16:03","date_gmt":"2024-07-09T21:16:03","guid":{"rendered":"https:\/\/eterle.cz\/eshop\/produkt\/satni-skrin\/"},"modified":"2025-06-24T01:54:24","modified_gmt":"2025-06-23T23:54:24","slug":"satni-skrin","status":"publish","type":"product","link":"https:\/\/eterle.cz\/eshop\/produkt\/satni-skrin\/","title":{"rendered":"\u0160atn\u00ed sk\u0159\u00ed\u0148"},"content":{"rendered":"<p>Ni\u017e\u0161\u00ed \u0161atn\u00ed sk\u0159\u00ed\u0148 z obdob\u00ed Art deca se zajmav\u00fdm vzorem d\u00fdhy a \u00fachyty. Praktick\u00e9 vnit\u0159n\u00ed \u010dlen\u011bn\u00ed se dv\u011bma men\u0161\u00edmi a jedn\u00edm velk\u00fdm \u0161upl\u00edkem v kombinaci s policemi nab\u00edz\u00ed \u0161irok\u00e9 mo\u017enosti ulo\u017een\u00ed pr\u00e1dla.<\/p>\n<p>Stav: zachoval\u00fd p\u016fvodn\u00ed; drobn\u00e9 nedostatky nafoceny; na jedn\u00e9 stran\u011b dve\u0159\u00ed chyb\u00ed kus d\u00fdhy; z boku lehce st\u0159\u00edkance od st\u0159\u00edbrn\u00e9 barvy<br \/>\nRozm\u011br<br \/>\nV\u00fd\u0161ka: 128 cm<br \/>\nHloubka: 54 cm<br \/>\n\u0160\u00ed\u0159ka: 111 cm<\/p>\n","protected":false},"excerpt":{"rendered":"<p>Ni\u017e\u0161\u00ed \u0161atn\u00ed sk\u0159\u00ed\u0148 z obdob\u00ed Art deca se zajmav\u00fdm vzorem d\u00fdhy a \u00fachyty. Praktick\u00e9 vnit\u0159n\u00ed \u010dlen\u011bn\u00ed se dv\u011bma men\u0161\u00edmi a<\/p>\n","protected":false},"featured_media":19742,"template":"","meta":[],"product_brand":[153],"product_cat":[130,125],"product_tag":[],"class_list":{"0":"post-19741","1":"product","2":"type-product","3":"status-publish","4":"has-post-thumbnail","6":"product_brand-eterle-cz","7":"product_cat-nabytek","8":"product_cat-komody-a-skrine","9":"product_shipping_class-nadrozmerne","11":"first","12":"instock","13":"purchasable","14":"product-type-simple"},"_links":{"self":[{"href":"https:\/\/eterle.cz\/eshop\/wp-json\/wp\/v2\/product\/19741","targetHints":{"allow":["GET"]}}],"collection":[{"href":"https:\/\/eterle.cz\/eshop\/wp-json\/wp\/v2\/product"}],"about":[{"href":"https:\/\/eterle.cz\/eshop\/wp-json\/wp\/v2\/types\/product"}],"version-history":[{"count":1,"href":"https:\/\/eterle.cz\/eshop\/wp-json\/wp\/v2\/product\/19741\/revisions"}],"predecessor-version":[{"id":26330,"href":"https:\/\/eterle.cz\/eshop\/wp-json\/wp\/v2\/product\/19741\/revisions\/26330"}],"wp:featuredmedia":[{"embeddable":true,"href":"https:\/\/eterle.cz\/eshop\/wp-json\/wp\/v2\/media\/19742"}],"wp:attachment":[{"href":"https:\/\/eterle.cz\/eshop\/wp-json\/wp\/v2\/media?parent=19741"}],"wp:term":[{"taxonomy":"product_brand","embeddable":true,"href":"https:\/\/eterle.cz\/eshop\/wp-json\/wp\/v2\/product_brand?post=19741"},{"taxonomy":"product_cat","embeddable":true,"href":"https:\/\/eterle.cz\/eshop\/wp-json\/wp\/v2\/product_cat?post=19741"},{"taxonomy":"product_tag","embeddable":true,"href":"https:\/\/eterle.cz\/eshop\/wp-json\/wp\/v2\/product_tag?post=19741"}],"curies":[{"name":"wp","href":"https:\/\/api.w.org\/{rel}","templated":true}]}}