{"id":19756,"date":"2024-07-09T23:16:29","date_gmt":"2024-07-09T21:16:29","guid":{"rendered":"https:\/\/eterle.cz\/eshop\/produkt\/prosklena-knihovna-tatra-nabytok\/"},"modified":"2025-06-24T01:54:24","modified_gmt":"2025-06-23T23:54:24","slug":"prosklena-knihovna-tatra-nabytok","status":"publish","type":"product","link":"https:\/\/eterle.cz\/eshop\/produkt\/prosklena-knihovna-tatra-nabytok\/","title":{"rendered":"Prosklen\u00e1 knihovna \/ Tatra n\u00e1bytok"},"content":{"rendered":"<p>Prosklen\u00e1 knihovna z 60. let minul\u00e9ho stolet\u00ed podle n\u00e1vrhu Franti\u0161ka Jir\u00e1ka pro Tatra n\u00e1bytok, Pravenec.<\/p>\n<p>Stav: p\u016fvodn\u00ed zachoval\u00fd, jedno sklo trochu u\u0161t\u00edpl\u00e9 na hran\u011b<br \/>\nZna\u010dka: Tatra n\u00e1bytok, Pravenec, Franti\u0161ek Jir\u00e1k<br \/>\nRozm\u011br<br \/>\nV\u00fd\u0161ka: 160 cm<br \/>\nHloubka: 40 cm<br \/>\n\u0160\u00ed\u0159ka: 118 cm<\/p>\n","protected":false},"excerpt":{"rendered":"<p>Prosklen\u00e1 knihovna z 60. let minul\u00e9ho stolet\u00ed podle n\u00e1vrhu Franti\u0161ka Jir\u00e1ka pro Tatra n\u00e1bytok, Pravenec. Stav: p\u016fvodn\u00ed zachoval\u00fd, jedno sklo<\/p>\n","protected":false},"featured_media":19757,"template":"","meta":[],"product_brand":[153],"product_cat":[130,125],"product_tag":[],"class_list":{"0":"post-19756","1":"product","2":"type-product","3":"status-publish","4":"has-post-thumbnail","6":"product_brand-eterle-cz","7":"product_cat-nabytek","8":"product_cat-komody-a-skrine","9":"product_shipping_class-nadrozmerne","11":"first","12":"instock","13":"purchasable","14":"product-type-simple"},"_links":{"self":[{"href":"https:\/\/eterle.cz\/eshop\/wp-json\/wp\/v2\/product\/19756","targetHints":{"allow":["GET"]}}],"collection":[{"href":"https:\/\/eterle.cz\/eshop\/wp-json\/wp\/v2\/product"}],"about":[{"href":"https:\/\/eterle.cz\/eshop\/wp-json\/wp\/v2\/types\/product"}],"version-history":[{"count":1,"href":"https:\/\/eterle.cz\/eshop\/wp-json\/wp\/v2\/product\/19756\/revisions"}],"predecessor-version":[{"id":26329,"href":"https:\/\/eterle.cz\/eshop\/wp-json\/wp\/v2\/product\/19756\/revisions\/26329"}],"wp:featuredmedia":[{"embeddable":true,"href":"https:\/\/eterle.cz\/eshop\/wp-json\/wp\/v2\/media\/19757"}],"wp:attachment":[{"href":"https:\/\/eterle.cz\/eshop\/wp-json\/wp\/v2\/media?parent=19756"}],"wp:term":[{"taxonomy":"product_brand","embeddable":true,"href":"https:\/\/eterle.cz\/eshop\/wp-json\/wp\/v2\/product_brand?post=19756"},{"taxonomy":"product_cat","embeddable":true,"href":"https:\/\/eterle.cz\/eshop\/wp-json\/wp\/v2\/product_cat?post=19756"},{"taxonomy":"product_tag","embeddable":true,"href":"https:\/\/eterle.cz\/eshop\/wp-json\/wp\/v2\/product_tag?post=19756"}],"curies":[{"name":"wp","href":"https:\/\/api.w.org\/{rel}","templated":true}]}}