{"id":19769,"date":"2024-07-09T23:16:49","date_gmt":"2024-07-09T21:16:49","guid":{"rendered":"https:\/\/eterle.cz\/eshop\/produkt\/sekretar-tatra-nabytok\/"},"modified":"2025-09-08T09:12:04","modified_gmt":"2025-09-08T07:12:04","slug":"sekretar-tatra-nabytok","status":"publish","type":"product","link":"https:\/\/eterle.cz\/eshop\/produkt\/sekretar-tatra-nabytok\/","title":{"rendered":"Sekret\u00e1\u0159 \/ Tatra n\u00e1bytok"},"content":{"rendered":"<p>Sekret\u00e1\u0159 z 60. let minul\u00e9ho stolet\u00ed podle n\u00e1vrhu Franti\u0161ka Jir\u00e1ka pro Tatra n\u00e1bytok, Pravenec. Sekret\u00e1\u0159 je zaj\u00edmav\u011b rozvr\u017een. Vrchn\u00ed prosklen\u00e1 \u010d\u00e1st se sklen\u011bnou poli\u010dkou je ur\u010dena na v\u011bci, kter\u00e9 chcete m\u00edt na o\u010d\u00edch, ale chr\u00e1n\u011bny p\u0159ed prachem, nap\u0159\u00edklad na skleni\u010dky nebo\u0165 v prav\u00e9 \u010d\u00e1sti se schov\u00e1v\u00e1 v\u00fdklopn\u00fd bar. Spodn\u00ed \u010d\u00e1st sekret\u00e1\u0159e je rozd\u011blena na \u0161upl\u00edky a police, kam ulo\u017e\u00edte drobnosti i v\u011bt\u0161\u00ed v\u011bci, kter\u00e9 nemus\u00ed b\u00fdt na o\u010d\u00edch.<\/p>\n<p>Stav: p\u016fvodn\u00ed zachoval\u00fd, na jedn\u00e9 noze trochu vy\u0161t\u00edpl\u00e9 d\u0159evo<br \/>\nZna\u010dka: Tatra n\u00e1bytok, Pravenec, Franti\u0161ek Jir\u00e1k<br \/>\nRorm\u011br<br \/>\nV\u00fd\u0161ka: 160 cm<br \/>\nHloubka: 46 cm<br \/>\n\u0160\u00ed\u0159ka: 159 cm<\/p>\n","protected":false},"excerpt":{"rendered":"<p>Sekret\u00e1\u0159 z 60. let minul\u00e9ho stolet\u00ed podle n\u00e1vrhu Franti\u0161ka Jir\u00e1ka pro Tatra n\u00e1bytok, Pravenec. Sekret\u00e1\u0159 je zaj\u00edmav\u011b rozvr\u017een. Vrchn\u00ed prosklen\u00e1<\/p>\n","protected":false},"featured_media":19770,"template":"","meta":[],"product_brand":[153],"product_cat":[91],"product_tag":[],"class_list":{"0":"post-19769","1":"product","2":"type-product","3":"status-publish","4":"has-post-thumbnail","6":"product_brand-eterle-cz","7":"product_cat-prodane","8":"product_shipping_class-nadrozmerne","10":"first","11":"outofstock","12":"purchasable","13":"product-type-simple"},"_links":{"self":[{"href":"https:\/\/eterle.cz\/eshop\/wp-json\/wp\/v2\/product\/19769","targetHints":{"allow":["GET"]}}],"collection":[{"href":"https:\/\/eterle.cz\/eshop\/wp-json\/wp\/v2\/product"}],"about":[{"href":"https:\/\/eterle.cz\/eshop\/wp-json\/wp\/v2\/types\/product"}],"version-history":[{"count":1,"href":"https:\/\/eterle.cz\/eshop\/wp-json\/wp\/v2\/product\/19769\/revisions"}],"predecessor-version":[{"id":26526,"href":"https:\/\/eterle.cz\/eshop\/wp-json\/wp\/v2\/product\/19769\/revisions\/26526"}],"wp:featuredmedia":[{"embeddable":true,"href":"https:\/\/eterle.cz\/eshop\/wp-json\/wp\/v2\/media\/19770"}],"wp:attachment":[{"href":"https:\/\/eterle.cz\/eshop\/wp-json\/wp\/v2\/media?parent=19769"}],"wp:term":[{"taxonomy":"product_brand","embeddable":true,"href":"https:\/\/eterle.cz\/eshop\/wp-json\/wp\/v2\/product_brand?post=19769"},{"taxonomy":"product_cat","embeddable":true,"href":"https:\/\/eterle.cz\/eshop\/wp-json\/wp\/v2\/product_cat?post=19769"},{"taxonomy":"product_tag","embeddable":true,"href":"https:\/\/eterle.cz\/eshop\/wp-json\/wp\/v2\/product_tag?post=19769"}],"curies":[{"name":"wp","href":"https:\/\/api.w.org\/{rel}","templated":true}]}}