{"id":19787,"date":"2024-07-09T23:17:18","date_gmt":"2024-07-09T21:17:18","guid":{"rendered":"https:\/\/eterle.cz\/eshop\/produkt\/art-deco-sekretar\/"},"modified":"2025-06-24T01:55:39","modified_gmt":"2025-06-23T23:55:39","slug":"art-deco-sekretar","status":"publish","type":"product","link":"https:\/\/eterle.cz\/eshop\/produkt\/art-deco-sekretar\/","title":{"rendered":"Art deco sekret\u00e1\u0159"},"content":{"rendered":"<p>Luxusn\u00ed sekret\u00e1\u0159 z obdob\u00ed Art deca sice nese ji\u017e drobn\u00e9 zn\u00e1mky \u010dasu, ale na noblese mu to neub\u00edr\u00e1. Zaj\u00edmav\u00e9 rozvr\u017een\u00ed, tvary i detaily. Kousek, kter\u00fd si zamilujete na prvn\u00ed pohled, jen pro n\u011bj naj\u00edt vhodn\u00e9 m\u00edsto v kancel\u00e1\u0159i \u010di ob\u00fdvac\u00edm pokoji.<\/p>\n<p>Stav: p\u016fvodn\u00ed s patinou, nohy vy\u0161isovan\u00e9 od vody, m\u00edsty chyb\u00ed kousky d\u00fdhy<br \/>\nRozm\u011br<br \/>\nV\u00fd\u0161ka: 177,5 cm<br \/>\nHloubka: 46 cm<br \/>\n\u0160\u00ed\u0159ka: 195 cm<\/p>\n","protected":false},"excerpt":{"rendered":"<p>Luxusn\u00ed sekret\u00e1\u0159 z obdob\u00ed Art deca sice nese ji\u017e drobn\u00e9 zn\u00e1mky \u010dasu, ale na noblese mu to neub\u00edr\u00e1. Zaj\u00edmav\u00e9 rozvr\u017een\u00ed,<\/p>\n","protected":false},"featured_media":19788,"template":"","meta":[],"product_brand":[153],"product_cat":[130,125],"product_tag":[],"class_list":{"0":"post-19787","1":"product","2":"type-product","3":"status-publish","4":"has-post-thumbnail","6":"product_brand-eterle-cz","7":"product_cat-nabytek","8":"product_cat-komody-a-skrine","9":"product_shipping_class-nadrozmerne","11":"first","12":"instock","13":"purchasable","14":"product-type-simple"},"_links":{"self":[{"href":"https:\/\/eterle.cz\/eshop\/wp-json\/wp\/v2\/product\/19787","targetHints":{"allow":["GET"]}}],"collection":[{"href":"https:\/\/eterle.cz\/eshop\/wp-json\/wp\/v2\/product"}],"about":[{"href":"https:\/\/eterle.cz\/eshop\/wp-json\/wp\/v2\/types\/product"}],"version-history":[{"count":1,"href":"https:\/\/eterle.cz\/eshop\/wp-json\/wp\/v2\/product\/19787\/revisions"}],"predecessor-version":[{"id":26525,"href":"https:\/\/eterle.cz\/eshop\/wp-json\/wp\/v2\/product\/19787\/revisions\/26525"}],"wp:featuredmedia":[{"embeddable":true,"href":"https:\/\/eterle.cz\/eshop\/wp-json\/wp\/v2\/media\/19788"}],"wp:attachment":[{"href":"https:\/\/eterle.cz\/eshop\/wp-json\/wp\/v2\/media?parent=19787"}],"wp:term":[{"taxonomy":"product_brand","embeddable":true,"href":"https:\/\/eterle.cz\/eshop\/wp-json\/wp\/v2\/product_brand?post=19787"},{"taxonomy":"product_cat","embeddable":true,"href":"https:\/\/eterle.cz\/eshop\/wp-json\/wp\/v2\/product_cat?post=19787"},{"taxonomy":"product_tag","embeddable":true,"href":"https:\/\/eterle.cz\/eshop\/wp-json\/wp\/v2\/product_tag?post=19787"}],"curies":[{"name":"wp","href":"https:\/\/api.w.org\/{rel}","templated":true}]}}