{"id":19805,"date":"2024-07-09T23:17:45","date_gmt":"2024-07-09T21:17:45","guid":{"rendered":"https:\/\/eterle.cz\/eshop\/produkt\/vesakova-stena-2\/"},"modified":"2025-06-16T15:40:00","modified_gmt":"2025-06-16T13:40:00","slug":"vesakova-stena-2","status":"publish","type":"product","link":"https:\/\/eterle.cz\/eshop\/produkt\/vesakova-stena-2\/","title":{"rendered":"V\u011b\u0161\u00e1kov\u00e1 st\u011bna"},"content":{"rendered":"<p>Retro v\u011b\u0161\u00e1kov\u00e1 st\u011bna pota\u017eena ko\u017eenkou, aby ochr\u00e1nila kab\u00e1ty a bundy proti umaz\u00e1n\u00ed od zdi. Zrcadlo na posledn\u00ed kontrolu p\u0159ed odchodem z domu a mal\u00e1 d\u0159ev\u011bn\u00e1 sk\u0159\u00ed\u0148ka p\u016fvodn\u011b na kart\u00e1\u010d na \u0161aty se d\u00e1 vyu\u017e\u00edt t\u0159eba na kl\u00ed\u010de. Chromov\u00fd v\u011b\u0161\u00e1k m\u00e1 i poli\u010dku na klobouky.<\/p>\n<p>Stav: p\u016fvodn\u00ed zachoval\u00fd, zrcadlo s patinou, v\u011b\u0161\u00e1k lehk\u00e1 koroze, ko\u017eenka v po\u0159\u00e1dku<br \/>\nRozm\u011br<br \/>\nV\u00fd\u0161ka: 178 cm<br \/>\n\u0160\u00ed\u0159ka: 90 cm<\/p>\n","protected":false},"excerpt":{"rendered":"<p>Retro v\u011b\u0161\u00e1kov\u00e1 st\u011bna pota\u017eena ko\u017eenkou, aby ochr\u00e1nila kab\u00e1ty a bundy proti umaz\u00e1n\u00ed od zdi. Zrcadlo na posledn\u00ed kontrolu p\u0159ed odchodem<\/p>\n","protected":false},"featured_media":19806,"template":"","meta":[],"product_brand":[153],"product_cat":[91],"product_tag":[],"class_list":{"0":"post-19805","1":"product","2":"type-product","3":"status-publish","4":"has-post-thumbnail","6":"product_brand-eterle-cz","7":"product_cat-prodane","8":"product_shipping_class-nadrozmerne","10":"first","11":"outofstock","12":"purchasable","13":"product-type-simple"},"_links":{"self":[{"href":"https:\/\/eterle.cz\/eshop\/wp-json\/wp\/v2\/product\/19805","targetHints":{"allow":["GET"]}}],"collection":[{"href":"https:\/\/eterle.cz\/eshop\/wp-json\/wp\/v2\/product"}],"about":[{"href":"https:\/\/eterle.cz\/eshop\/wp-json\/wp\/v2\/types\/product"}],"version-history":[{"count":1,"href":"https:\/\/eterle.cz\/eshop\/wp-json\/wp\/v2\/product\/19805\/revisions"}],"predecessor-version":[{"id":26037,"href":"https:\/\/eterle.cz\/eshop\/wp-json\/wp\/v2\/product\/19805\/revisions\/26037"}],"wp:featuredmedia":[{"embeddable":true,"href":"https:\/\/eterle.cz\/eshop\/wp-json\/wp\/v2\/media\/19806"}],"wp:attachment":[{"href":"https:\/\/eterle.cz\/eshop\/wp-json\/wp\/v2\/media?parent=19805"}],"wp:term":[{"taxonomy":"product_brand","embeddable":true,"href":"https:\/\/eterle.cz\/eshop\/wp-json\/wp\/v2\/product_brand?post=19805"},{"taxonomy":"product_cat","embeddable":true,"href":"https:\/\/eterle.cz\/eshop\/wp-json\/wp\/v2\/product_cat?post=19805"},{"taxonomy":"product_tag","embeddable":true,"href":"https:\/\/eterle.cz\/eshop\/wp-json\/wp\/v2\/product_tag?post=19805"}],"curies":[{"name":"wp","href":"https:\/\/api.w.org\/{rel}","templated":true}]}}