{"id":19815,"date":"2024-07-09T23:18:00","date_gmt":"2024-07-09T21:18:00","guid":{"rendered":"https:\/\/eterle.cz\/eshop\/produkt\/mosazne-postele\/"},"modified":"2025-02-16T02:46:22","modified_gmt":"2025-02-16T01:46:22","slug":"mosazne-postele","status":"publish","type":"product","link":"https:\/\/eterle.cz\/eshop\/produkt\/mosazne-postele\/","title":{"rendered":"Mosazn\u00e9 postele"},"content":{"rendered":"<p>Dv\u011b staro\u017eitn\u00e9 mosazn\u00e9 postele se zaj\u00edmav\u00fdm \u010dlen\u011bn\u00edm. Nemus\u00edte se b\u00e1t, \u017ee by kov p\u016fsobil v interi\u00e9ru chladn\u011b, d\u00edky zlatav\u00e9 barv\u011b mosazi a spr\u00e1vn\u011b zvolen\u00e9 barv\u011b povle\u010den\u00ed bude va\u0161e lo\u017enice p\u016fsobit \u00fatuln\u011b a luxusn\u011b.<\/p>\n<p>Stav: p\u016fvodn\u00ed s patinou, stav mosazi vyfocen<br \/>\nRozm\u011br<br \/>\nV\u00fd\u0161ka: 90,5 a 70,5 cm<br \/>\n\u0160\u00ed\u0159ka: 89 cm (ob\u011b postele 181 cm)<br \/>\nD\u00e9lka: 190 cm (matrace 185 cm)<\/p>\n","protected":false},"excerpt":{"rendered":"<p>Dv\u011b staro\u017eitn\u00e9 mosazn\u00e9 postele se zaj\u00edmav\u00fdm \u010dlen\u011bn\u00edm. Nemus\u00edte se b\u00e1t, \u017ee by kov p\u016fsobil v interi\u00e9ru chladn\u011b, d\u00edky zlatav\u00e9 barv\u011b<\/p>\n","protected":false},"featured_media":19816,"template":"","meta":[],"product_brand":[153],"product_cat":[91],"product_tag":[],"class_list":{"0":"post-19815","1":"product","2":"type-product","3":"status-publish","4":"has-post-thumbnail","6":"product_brand-eterle-cz","7":"product_cat-prodane","8":"product_shipping_class-nadrozmerne","10":"first","11":"outofstock","12":"purchasable","13":"product-type-simple"},"_links":{"self":[{"href":"https:\/\/eterle.cz\/eshop\/wp-json\/wp\/v2\/product\/19815","targetHints":{"allow":["GET"]}}],"collection":[{"href":"https:\/\/eterle.cz\/eshop\/wp-json\/wp\/v2\/product"}],"about":[{"href":"https:\/\/eterle.cz\/eshop\/wp-json\/wp\/v2\/types\/product"}],"version-history":[{"count":0,"href":"https:\/\/eterle.cz\/eshop\/wp-json\/wp\/v2\/product\/19815\/revisions"}],"wp:featuredmedia":[{"embeddable":true,"href":"https:\/\/eterle.cz\/eshop\/wp-json\/wp\/v2\/media\/19816"}],"wp:attachment":[{"href":"https:\/\/eterle.cz\/eshop\/wp-json\/wp\/v2\/media?parent=19815"}],"wp:term":[{"taxonomy":"product_brand","embeddable":true,"href":"https:\/\/eterle.cz\/eshop\/wp-json\/wp\/v2\/product_brand?post=19815"},{"taxonomy":"product_cat","embeddable":true,"href":"https:\/\/eterle.cz\/eshop\/wp-json\/wp\/v2\/product_cat?post=19815"},{"taxonomy":"product_tag","embeddable":true,"href":"https:\/\/eterle.cz\/eshop\/wp-json\/wp\/v2\/product_tag?post=19815"}],"curies":[{"name":"wp","href":"https:\/\/api.w.org\/{rel}","templated":true}]}}