{"id":19828,"date":"2024-07-09T23:18:23","date_gmt":"2024-07-09T21:18:23","guid":{"rendered":"https:\/\/eterle.cz\/eshop\/produkt\/modulove-sofa\/"},"modified":"2025-02-21T17:49:40","modified_gmt":"2025-02-21T16:49:40","slug":"modulove-sofa","status":"publish","type":"product","link":"https:\/\/eterle.cz\/eshop\/produkt\/modulove-sofa\/","title":{"rendered":"Modulov\u00e9 sofa"},"content":{"rendered":"<p>Modulov\u00e9 sofa s poli\u010dkou vyroben\u00e9 na zak\u00e1zku v minul\u00e9m stolet\u00ed, ale odpov\u00edd\u00e1 sou\u010dasn\u00fdm interi\u00e9rov\u00fdm m\u00f3dn\u00edm trend\u016fm. Jeho variabilita n\u00e1s velmi bav\u00ed. Nejen \u017ee m\u016f\u017eete jednotliv\u00e1 &#8222;k\u0159es\u00edlka&#8220; libovoln\u011b skl\u00e1dat k sob\u011b, ale p\u0159end\u00e1vat se daj\u00ed i d\u0159ev\u011bn\u00e9 poli\u010dky a to nejen do dvou v\u00fd\u0161ek, ale i z jednoho k\u0159esla na druh\u00e9. \u0158emesln\u00e9 proveden\u00ed je velmi precizn\u011b proveden\u00e9 a odpov\u00edd\u00e1 luxusn\u00ed zak\u00e1zkov\u00e9 v\u00fdrob\u011b.<\/p>\n<p>Stav: p\u016fvodn\u00ed zachoval\u00fd, \u010daloun\u011bn\u00ed v po\u0159\u00e1dku Rozm\u011br<br \/>\nV\u00fd\u0161ka: 66 cm<br \/>\nHloubka: 84 cm (s poli\u010dkou 100 cm)<br \/>\n\u0160\u00ed\u0159ka: 80 cm; slo\u017een\u00ed do tvaru L d\u00e9lka: 323 cm hloubka: 163 cm<\/p>\n","protected":false},"excerpt":{"rendered":"<p>Modulov\u00e9 sofa s poli\u010dkou vyroben\u00e9 na zak\u00e1zku v minul\u00e9m stolet\u00ed, ale odpov\u00edd\u00e1 sou\u010dasn\u00fdm interi\u00e9rov\u00fdm m\u00f3dn\u00edm trend\u016fm. Jeho variabilita n\u00e1s velmi<\/p>\n","protected":false},"featured_media":19829,"template":"","meta":[],"product_brand":[153],"product_cat":[91],"product_tag":[],"class_list":{"0":"post-19828","1":"product","2":"type-product","3":"status-publish","4":"has-post-thumbnail","6":"product_brand-eterle-cz","7":"product_cat-prodane","8":"product_shipping_class-nadrozmerne","10":"first","11":"outofstock","12":"purchasable","13":"product-type-simple"},"_links":{"self":[{"href":"https:\/\/eterle.cz\/eshop\/wp-json\/wp\/v2\/product\/19828","targetHints":{"allow":["GET"]}}],"collection":[{"href":"https:\/\/eterle.cz\/eshop\/wp-json\/wp\/v2\/product"}],"about":[{"href":"https:\/\/eterle.cz\/eshop\/wp-json\/wp\/v2\/types\/product"}],"version-history":[{"count":0,"href":"https:\/\/eterle.cz\/eshop\/wp-json\/wp\/v2\/product\/19828\/revisions"}],"wp:featuredmedia":[{"embeddable":true,"href":"https:\/\/eterle.cz\/eshop\/wp-json\/wp\/v2\/media\/19829"}],"wp:attachment":[{"href":"https:\/\/eterle.cz\/eshop\/wp-json\/wp\/v2\/media?parent=19828"}],"wp:term":[{"taxonomy":"product_brand","embeddable":true,"href":"https:\/\/eterle.cz\/eshop\/wp-json\/wp\/v2\/product_brand?post=19828"},{"taxonomy":"product_cat","embeddable":true,"href":"https:\/\/eterle.cz\/eshop\/wp-json\/wp\/v2\/product_cat?post=19828"},{"taxonomy":"product_tag","embeddable":true,"href":"https:\/\/eterle.cz\/eshop\/wp-json\/wp\/v2\/product_tag?post=19828"}],"curies":[{"name":"wp","href":"https:\/\/api.w.org\/{rel}","templated":true}]}}